{"id":427,"date":"2013-03-22T17:20:03","date_gmt":"2013-03-22T15:20:03","guid":{"rendered":"http:\/\/www.trimmsalon-chalkidis.de\/?page_id=427"},"modified":"2015-07-01T09:26:55","modified_gmt":"2015-07-01T07:26:55","slug":"braucht-unser-vierbeiner-eine-pflege","status":"publish","type":"page","link":"https:\/\/www.trimmsalon-chalkidis.de\/?page_id=427","title":{"rendered":"Braucht unser Vierbeiner eine Pflege?"},"content":{"rendered":"<p><b>Haut- und Fellpflege f\u00fcr den Vierbeiner<\/b><\/p>\n<p>Der Trimmsalon Chalkidis ist seit 1995 ihre professionelle Hunde- und Katzenpflege in Ludwigsfelde.<\/p>\n<p>Braucht unser Vierbeiner \u00fcberhaupt eine Pflege?<\/p>\n<p>Ihr Tier verliert viel Fell, riecht etwas streng, das Fell gl\u00e4nzt nicht, ist zu lang oder struppig. Filze und kleine Knoten erschweren das K\u00e4mmen? Beim Streicheln des Vierbeiners wird die Hand fettig. Schuppenbildung ist sichtbar, Krallen klappern auf dem Boden, Augen sind verkrustet, Kot bleibt immer am Po kleben, sichtbare Liegestellen an den Beinen?<\/p>\n<p>Sollten sie eines der Probleme haben, dann nutzen sie den kostenlosen Beratungsservice.<\/p>\n<p>Er umfasst Beratung am Tier, mitgebrachtes Werkzeug und Shampoo wird auf N\u00fctzlichkeit und Effektivit\u00e4t gepr\u00fcft, Pflegetipps inklusive.<\/p>\n<p>Beratungstermin unter Telefon 03378 802941, Handy 0172 3990350 vereinbaren.<\/p>\n<p>Vertrauen Sie unserer Erfahrung, Diplom Nash Academy of Animal Art. Wir machen <strong>Rassehunde <\/strong>aber auch <strong>Mischlinge und Katzen<\/strong> im Rassestandard oder auch im Free-Style fein. Unsere erfolgreiche Teilnahme an Internationalen Scheremeisterschaften ist Ihr Vorteil.<\/p>\n<p>Gesunde Haut und Fell und ist f\u00fcr alle Vierbeiner ein Muss f\u00fcr gute Laune.<\/p>\n<p>Groomerin\u00a0Heike Chalkidis<\/p>\n<p>&nbsp;<\/p>\n","protected":false},"excerpt":{"rendered":"<p>Haut- und Fellpflege f\u00fcr den Vierbeiner Der Trimmsalon Chalkidis ist seit 1995 ihre professionelle Hunde- und Katzenpflege in Ludwigsfelde. Braucht unser Vierbeiner \u00fcberhaupt eine Pflege? Ihr Tier verliert viel Fell, riecht etwas streng, das Fell gl\u00e4nzt nicht, ist zu lang &hellip; <a href=\"https:\/\/www.trimmsalon-chalkidis.de\/?page_id=427\">Weiterlesen <span class=\"meta-nav\">&rarr;<\/span><\/a><\/p>\n","protected":false},"author":2,"featured_media":0,"parent":1111,"menu_order":0,"comment_status":"closed","ping_status":"closed","template":"","meta":{"footnotes":""},"class_list":["post-427","page","type-page","status-publish","hentry"],"_links":{"self":[{"href":"https:\/\/www.trimmsalon-chalkidis.de\/index.php?rest_route=\/wp\/v2\/pages\/427","targetHints":{"allow":["GET"]}}],"collection":[{"href":"https:\/\/www.trimmsalon-chalkidis.de\/index.php?rest_route=\/wp\/v2\/pages"}],"about":[{"href":"https:\/\/www.trimmsalon-chalkidis.de\/index.php?rest_route=\/wp\/v2\/types\/page"}],"author":[{"embeddable":true,"href":"https:\/\/www.trimmsalon-chalkidis.de\/index.php?rest_route=\/wp\/v2\/users\/2"}],"replies":[{"embeddable":true,"href":"https:\/\/www.trimmsalon-chalkidis.de\/index.php?rest_route=%2Fwp%2Fv2%2Fcomments&post=427"}],"version-history":[{"count":0,"href":"https:\/\/www.trimmsalon-chalkidis.de\/index.php?rest_route=\/wp\/v2\/pages\/427\/revisions"}],"up":[{"embeddable":true,"href":"https:\/\/www.trimmsalon-chalkidis.de\/index.php?rest_route=\/wp\/v2\/pages\/1111"}],"wp:attachment":[{"href":"https:\/\/www.trimmsalon-chalkidis.de\/index.php?rest_route=%2Fwp%2Fv2%2Fmedia&parent=427"}],"curies":[{"name":"wp","href":"https:\/\/api.w.org\/{rel}","templated":true}]}}