{"id":38,"date":"2012-07-03T01:34:17","date_gmt":"2012-07-02T23:34:17","guid":{"rendered":"http:\/\/www.trimmsalon-chalkidis.de\/?page_id=38"},"modified":"2024-12-03T01:50:21","modified_gmt":"2024-12-02T23:50:21","slug":"impressum","status":"publish","type":"page","link":"https:\/\/www.trimmsalon-chalkidis.de\/?page_id=38","title":{"rendered":"Impressum"},"content":{"rendered":"\n<p><strong>Rechtliche Hinweise<\/strong><\/p>\n\n\n\n<p>Verantwortlich f\u00fcr Ver\u00f6ffentlichungen auf der website www.trimmsalon-chalkidis.de<\/p>\n\n\n\n<p>Heike Chalkidis<\/p>\n\n\n\n<p>Werrastra\u00dfe 13<\/p>\n\n\n\n<p>14974 Ludwigsfelde<\/p>\n\n\n\n<p>Email trimmsalon@live.de<\/p>\n\n\n\n<p>UStID DE243491364<\/p>\n\n\n\n<p>Telefon: 03378 802941 oder 0172 3990350<\/p>\n\n\n\n<h5 class=\"wp-block-heading\">Copyright: F\u00fcr den Werbeauftritt werden eigene Bilder verwendet. Kopfbilder zum Teil von WordPress zur Verf\u00fcgung gestellt.<\/h5>\n\n\n\n<h5 class=\"wp-block-heading\">Bilder zur Maulhygiene von Emmi Pet &nbsp;bereitgestellt.<\/h5>\n","protected":false},"excerpt":{"rendered":"<p>Rechtliche Hinweise Verantwortlich f\u00fcr Ver\u00f6ffentlichungen auf der website www.trimmsalon-chalkidis.de Heike Chalkidis Werrastra\u00dfe 13 14974 Ludwigsfelde Email trimmsalon@live.de UStID DE243491364 Telefon: 03378 802941 oder 0172 3990350 Copyright: F\u00fcr den Werbeauftritt werden eigene Bilder verwendet. Kopfbilder zum Teil von WordPress zur Verf\u00fcgung &hellip; <a href=\"https:\/\/www.trimmsalon-chalkidis.de\/?page_id=38\">Weiterlesen <span class=\"meta-nav\">&rarr;<\/span><\/a><\/p>\n","protected":false},"author":2,"featured_media":0,"parent":1082,"menu_order":3,"comment_status":"closed","ping_status":"closed","template":"","meta":{"footnotes":""},"class_list":["post-38","page","type-page","status-publish","hentry"],"_links":{"self":[{"href":"https:\/\/www.trimmsalon-chalkidis.de\/index.php?rest_route=\/wp\/v2\/pages\/38","targetHints":{"allow":["GET"]}}],"collection":[{"href":"https:\/\/www.trimmsalon-chalkidis.de\/index.php?rest_route=\/wp\/v2\/pages"}],"about":[{"href":"https:\/\/www.trimmsalon-chalkidis.de\/index.php?rest_route=\/wp\/v2\/types\/page"}],"author":[{"embeddable":true,"href":"https:\/\/www.trimmsalon-chalkidis.de\/index.php?rest_route=\/wp\/v2\/users\/2"}],"replies":[{"embeddable":true,"href":"https:\/\/www.trimmsalon-chalkidis.de\/index.php?rest_route=%2Fwp%2Fv2%2Fcomments&post=38"}],"version-history":[{"count":5,"href":"https:\/\/www.trimmsalon-chalkidis.de\/index.php?rest_route=\/wp\/v2\/pages\/38\/revisions"}],"predecessor-version":[{"id":3691,"href":"https:\/\/www.trimmsalon-chalkidis.de\/index.php?rest_route=\/wp\/v2\/pages\/38\/revisions\/3691"}],"up":[{"embeddable":true,"href":"https:\/\/www.trimmsalon-chalkidis.de\/index.php?rest_route=\/wp\/v2\/pages\/1082"}],"wp:attachment":[{"href":"https:\/\/www.trimmsalon-chalkidis.de\/index.php?rest_route=%2Fwp%2Fv2%2Fmedia&parent=38"}],"curies":[{"name":"wp","href":"https:\/\/api.w.org\/{rel}","templated":true}]}}