{"id":3560,"date":"2024-12-03T00:22:24","date_gmt":"2024-12-02T22:22:24","guid":{"rendered":"https:\/\/www.trimmsalon-chalkidis.de\/?page_id=3560"},"modified":"2025-11-03T20:37:08","modified_gmt":"2025-11-03T18:37:08","slug":"webcam-in-der-katzenpension-chalkidis","status":"publish","type":"page","link":"https:\/\/www.trimmsalon-chalkidis.de\/?page_id=3560","title":{"rendered":"Webcam in der Katzenpension Chalkidis"},"content":{"rendered":"\n<h2 class=\"wp-block-heading has-text-align-center has-text-color has-link-color has-large-font-size wp-elements-8863075f39666cc501cfac066dd51c7a\" style=\"color:#fa0a0a\">NEU!!!   NEU!!!   NEU!!!   NEU!!!<\/h2>\n\n\n\n<p><strong>Sie vermissen Ihr Tier im Urlaub?<\/strong> <strong>Wir haben die L\u00f6sung! Live-Webcam<\/strong><\/p>\n\n\n\n<p>Im Dezember 2024 wurden verschiedenen Katzenzimmer mit <strong>Live-Webcams <\/strong>ausgestattet. Ihre pers\u00f6nliche Live-Webcam buchen und Ihren Liebling jederzeit live verfolgen. Voraussetzung ist das <strong>Laden der App Reolink<\/strong> <strong>auf Ihr Handy.<\/strong> Das untere Bild zeigt nur das Design der App. Am Abgabetag erhalten sie den Zugang zur Webcam mit einem <strong>QR Code<\/strong>, welcher dann in der App <strong>gescannt<\/strong> wird. Nun nur noch <strong>Namen und Passwort eingeben<\/strong> den wir Ihnen \u00fcbergeben und das Vergn\u00fcgen beginnt und endet erst, wenn Sie Ihr Tier abholen. Wir freuen uns sehr Ihnen das erm\u00f6glichen zu k\u00f6nnen.<\/p>\n\n\n\n<figure class=\"wp-block-gallery has-nested-images columns-default is-cropped wp-block-gallery-1 is-layout-flex wp-block-gallery-is-layout-flex\">\n<figure class=\"wp-block-image size-large\"><img loading=\"lazy\" decoding=\"async\" width=\"1024\" height=\"484\" data-id=\"3623\" src=\"https:\/\/www.trimmsalon-chalkidis.de\/wp-content\/uploads\/IMG_1331-1024x484.jpeg\" alt=\"\" class=\"wp-image-3623\" srcset=\"https:\/\/www.trimmsalon-chalkidis.de\/wp-content\/uploads\/IMG_1331-1024x484.jpeg 1024w, https:\/\/www.trimmsalon-chalkidis.de\/wp-content\/uploads\/IMG_1331-300x142.jpeg 300w, https:\/\/www.trimmsalon-chalkidis.de\/wp-content\/uploads\/IMG_1331-768x363.jpeg 768w, https:\/\/www.trimmsalon-chalkidis.de\/wp-content\/uploads\/IMG_1331-500x236.jpeg 500w, https:\/\/www.trimmsalon-chalkidis.de\/wp-content\/uploads\/IMG_1331.jpeg 1290w\" sizes=\"auto, (max-width: 1024px) 100vw, 1024px\" \/><\/figure>\n\n\n\n<figure class=\"wp-block-image size-large\"><img loading=\"lazy\" decoding=\"async\" width=\"918\" height=\"1024\" data-id=\"3742\" src=\"https:\/\/www.trimmsalon-chalkidis.de\/wp-content\/uploads\/IMG_1339-918x1024.jpeg\" alt=\"\" class=\"wp-image-3742\" srcset=\"https:\/\/www.trimmsalon-chalkidis.de\/wp-content\/uploads\/IMG_1339-918x1024.jpeg 918w, https:\/\/www.trimmsalon-chalkidis.de\/wp-content\/uploads\/IMG_1339-269x300.jpeg 269w, https:\/\/www.trimmsalon-chalkidis.de\/wp-content\/uploads\/IMG_1339-768x857.jpeg 768w, https:\/\/www.trimmsalon-chalkidis.de\/wp-content\/uploads\/IMG_1339.jpeg 1254w\" sizes=\"auto, (max-width: 918px) 100vw, 918px\" \/><\/figure>\n<\/figure>\n\n\n\n<p><strong>Bei Tageslicht, Jede Aktivit\u00e4t Live oder von der SD Karte die Aufzeichnung ansehen<\/strong><\/p>\n\n\n\n<figure class=\"wp-block-video\"><video height=\"480\" style=\"aspect-ratio: 640 \/ 480;\" width=\"640\" controls src=\"https:\/\/www.trimmsalon-chalkidis.de\/wp-content\/uploads\/Banane_20241220150936_20241220151037_95270005QA6I2DU3_0.mp4\"><\/video><\/figure>\n\n\n\n<p><strong>Nachtmodus, Live Ansicht, oder von SD Karte die Aufzeichnungen sehen<\/strong><\/p>\n\n\n\n<figure class=\"wp-block-video\"><video height=\"480\" style=\"aspect-ratio: 640 \/ 480;\" width=\"640\" controls src=\"https:\/\/www.trimmsalon-chalkidis.de\/wp-content\/uploads\/Banane_20241221170837_20241221170913_95270005QA6I2DU3_0.mp4\"><\/video><\/figure>\n","protected":false},"excerpt":{"rendered":"<p>NEU!!! NEU!!! NEU!!! NEU!!! Sie vermissen Ihr Tier im Urlaub? Wir haben die L\u00f6sung! Live-Webcam Im Dezember 2024 wurden verschiedenen Katzenzimmer mit Live-Webcams ausgestattet. Ihre pers\u00f6nliche Live-Webcam buchen und Ihren Liebling jederzeit live verfolgen. Voraussetzung ist das Laden der App &hellip; <a href=\"https:\/\/www.trimmsalon-chalkidis.de\/?page_id=3560\">Weiterlesen <span class=\"meta-nav\">&rarr;<\/span><\/a><\/p>\n","protected":false},"author":2,"featured_media":0,"parent":103,"menu_order":0,"comment_status":"closed","ping_status":"closed","template":"","meta":{"footnotes":""},"class_list":["post-3560","page","type-page","status-publish","hentry"],"_links":{"self":[{"href":"https:\/\/www.trimmsalon-chalkidis.de\/index.php?rest_route=\/wp\/v2\/pages\/3560","targetHints":{"allow":["GET"]}}],"collection":[{"href":"https:\/\/www.trimmsalon-chalkidis.de\/index.php?rest_route=\/wp\/v2\/pages"}],"about":[{"href":"https:\/\/www.trimmsalon-chalkidis.de\/index.php?rest_route=\/wp\/v2\/types\/page"}],"author":[{"embeddable":true,"href":"https:\/\/www.trimmsalon-chalkidis.de\/index.php?rest_route=\/wp\/v2\/users\/2"}],"replies":[{"embeddable":true,"href":"https:\/\/www.trimmsalon-chalkidis.de\/index.php?rest_route=%2Fwp%2Fv2%2Fcomments&post=3560"}],"version-history":[{"count":18,"href":"https:\/\/www.trimmsalon-chalkidis.de\/index.php?rest_route=\/wp\/v2\/pages\/3560\/revisions"}],"predecessor-version":[{"id":4195,"href":"https:\/\/www.trimmsalon-chalkidis.de\/index.php?rest_route=\/wp\/v2\/pages\/3560\/revisions\/4195"}],"up":[{"embeddable":true,"href":"https:\/\/www.trimmsalon-chalkidis.de\/index.php?rest_route=\/wp\/v2\/pages\/103"}],"wp:attachment":[{"href":"https:\/\/www.trimmsalon-chalkidis.de\/index.php?rest_route=%2Fwp%2Fv2%2Fmedia&parent=3560"}],"curies":[{"name":"wp","href":"https:\/\/api.w.org\/{rel}","templated":true}]}}