{"id":2920,"date":"2023-05-01T23:07:07","date_gmt":"2023-05-01T21:07:07","guid":{"rendered":"https:\/\/www.trimmsalon-chalkidis.de\/?page_id=2920"},"modified":"2026-05-05T19:08:17","modified_gmt":"2026-05-05T17:08:17","slug":"merkblatt-fuer-katzenpension-und-kleintierpension","status":"publish","type":"page","link":"https:\/\/www.trimmsalon-chalkidis.de\/?page_id=2920","title":{"rendered":"Merkblatt f\u00fcr Katzenpension und Kleintierpension"},"content":{"rendered":"\n<p><strong>Anmeldung ihres Tieres<\/strong> online unter www.trimmsalon-chalkidis.de mit dem online Anmeldeformular.<\/p>\n\n\n\n<p><strong>Gesundheitsvorsorge\u00a0<\/strong><br><strong>G\u00fcltiger Impfschutz<\/strong> (RCP-T oder CVR-T). Impfung nicht \u00e4lter als 1 Jahr, Impfbuch mitbringen.<br><strong>Aktueller\u00a0 Flohschutz &#8211; <\/strong>Nachweis vom Tierarzt, oder Kaufbeleg mitbringen.\u00a0<br><strong>Entwurmungsnachweis &#8211;\u00a0<\/strong> Mindestabstand 14 Tage bis zur Abgabe in die Pension,\u00a0nicht \u00e4lter als 6 Monate- Nachweis vom Tierarzt \u00a0oder Kaufbeleg mitbringen.\u00a0<br><br><strong>Abgabetag\u00a0<\/strong><br><strong>Abgabe- und Abholzeiten<\/strong><br>Samstag, Sonntag und Feiertag\u00a0 10 Uhr<br>An allen anderen Tagen mit individueller Vereinbarung<br><br><strong>Was bringe ich mit zur Abgabe ?<\/strong><br>Ihre Katze oder Ihren Kater. Akut kranke Tiere werden nicht in die Tierpension aufgenommen.<br>Impfausweis und Nachweise zu Flohschutz und\u00a0 Entwurmung<br>Spielzeug, Decke oder Kuschelkissen\u00a0<br>Medikamente und Spezialfutter<br>Tierbetreuungsvertrag wird bei Abgabe geschlossen<br><br><strong>Preis Katzenpension<\/strong><br><strong>15,00\u20ac\/Tag\/Tier<\/strong>\u00a0<strong>All inclusive<\/strong><br><br>All inclusive beinhaltet Nassfutter, Trockenfutter, t\u00e4glich frisches Wasser, Katzenstreu, Spielzeug, Medikamentengabe bei \u00e4rztlicher Anordnung, Webcamnutzung kostenlos (falls im gebuchten Zimmer techn. verf\u00fcgbar), Heizkostenzuschlag entf\u00e4llt, Umbuchung kostenlos, Endreinigungszuschlag entf\u00e4llt.<br><br><strong>Preise kleine Haustiere<\/strong><br><strong>ab 6,00\u20ac\/Tag\/Tier<\/strong><br>V\u00f6gel, Hasen, Meerschweinchen, Hamster, M\u00e4use, Ratten usw. im eigenen K\u00e4fig.\u00a0<br><br><strong>Hinweis:<\/strong> Vorkasse, Bezahlung per \u00dcberweisung oder Bar bei der Abgabe der Tiere<br>\u00a0keine EC Kartenzahlung m\u00f6glich<br>\u00a0Unvorhersehbare tier\u00e4rztliche Dienstleistungen sind bei Abholung zu bezahlen<br><br><strong>Bearbeitung von Pensionsbuchungen<\/strong><br>Ihre online Anmeldung wird innerhalb von 3-4 Werktagen bearbeitet<br>R\u00fcckantwort per eMail, im Anhang ihre Rechnung f\u00fcr den Pensionsaufenthalt.<br>Wir erwarten eine Anzahlung in H\u00f6he von 25% der Pensionskosten, mindestens jedoch 20\u20ac. Der Restbetrag ist am Anreisetag f\u00e4llig.\u00a0<br><br><strong>Umbuchungen und Stornierungen<\/strong> schriftlich unter <a href=\"mailto:trimmsalon@live.de\">trimmsalon@live.de<\/a><br>Bei Stornierungen verf\u00e4llt die Anzahlung in H\u00f6he von 25%. \u00a0<br>Befindet sich ihr Tier in der Pension werden keine Pensionskosten zur\u00fcckerstattet.<br><br><br>Ihr Trimmsalon &amp; Groomerschule Chalkidis<br><\/p>\n\n\n\n<p class=\"has-medium-font-size\"><strong><a href=\"https:\/\/www.trimmsalon-chalkidis.de\/wp-content\/uploads\/Merkblatt-Katzen-und-Kleintierpension-2026.pdf\" target=\"_blank\" rel=\"noreferrer noopener\">Merkblatt f\u00fcr Katzenpension und Kleintierpension zum Download oder Druck<\/a><\/strong><\/p>\n","protected":false},"excerpt":{"rendered":"<p>Anmeldung ihres Tieres online unter www.trimmsalon-chalkidis.de mit dem online Anmeldeformular. Gesundheitsvorsorge\u00a0G\u00fcltiger Impfschutz (RCP-T oder CVR-T). Impfung nicht \u00e4lter als 1 Jahr, Impfbuch mitbringen.Aktueller\u00a0 Flohschutz &#8211; Nachweis vom Tierarzt, oder Kaufbeleg mitbringen.\u00a0Entwurmungsnachweis &#8211;\u00a0 Mindestabstand 14 Tage bis zur Abgabe in die &hellip; <a href=\"https:\/\/www.trimmsalon-chalkidis.de\/?page_id=2920\">Weiterlesen <span class=\"meta-nav\">&rarr;<\/span><\/a><\/p>\n","protected":false},"author":2,"featured_media":0,"parent":103,"menu_order":0,"comment_status":"closed","ping_status":"closed","template":"","meta":{"footnotes":""},"class_list":["post-2920","page","type-page","status-publish","hentry"],"_links":{"self":[{"href":"https:\/\/www.trimmsalon-chalkidis.de\/index.php?rest_route=\/wp\/v2\/pages\/2920","targetHints":{"allow":["GET"]}}],"collection":[{"href":"https:\/\/www.trimmsalon-chalkidis.de\/index.php?rest_route=\/wp\/v2\/pages"}],"about":[{"href":"https:\/\/www.trimmsalon-chalkidis.de\/index.php?rest_route=\/wp\/v2\/types\/page"}],"author":[{"embeddable":true,"href":"https:\/\/www.trimmsalon-chalkidis.de\/index.php?rest_route=\/wp\/v2\/users\/2"}],"replies":[{"embeddable":true,"href":"https:\/\/www.trimmsalon-chalkidis.de\/index.php?rest_route=%2Fwp%2Fv2%2Fcomments&post=2920"}],"version-history":[{"count":25,"href":"https:\/\/www.trimmsalon-chalkidis.de\/index.php?rest_route=\/wp\/v2\/pages\/2920\/revisions"}],"predecessor-version":[{"id":4443,"href":"https:\/\/www.trimmsalon-chalkidis.de\/index.php?rest_route=\/wp\/v2\/pages\/2920\/revisions\/4443"}],"up":[{"embeddable":true,"href":"https:\/\/www.trimmsalon-chalkidis.de\/index.php?rest_route=\/wp\/v2\/pages\/103"}],"wp:attachment":[{"href":"https:\/\/www.trimmsalon-chalkidis.de\/index.php?rest_route=%2Fwp%2Fv2%2Fmedia&parent=2920"}],"curies":[{"name":"wp","href":"https:\/\/api.w.org\/{rel}","templated":true}]}}