{"id":2879,"date":"2023-04-11T19:36:04","date_gmt":"2023-04-11T17:36:04","guid":{"rendered":"https:\/\/www.trimmsalon-chalkidis.de\/?page_id=2879"},"modified":"2024-12-03T11:30:40","modified_gmt":"2024-12-03T09:30:40","slug":"einverstaendniserklaerung","status":"publish","type":"page","link":"https:\/\/www.trimmsalon-chalkidis.de\/?page_id=2879","title":{"rendered":"Einverst\u00e4ndniserkl\u00e4rung"},"content":{"rendered":"\n<p class=\"has-text-align-center\"><strong><a href=\"https:\/\/www.trimmsalon-chalkidis.de\/wp-content\/uploads\/Einverstaendniserklaerung-Ausfallhonorar-mit-Logo.pdf\" data-type=\"URL\" data-id=\"https:\/\/www.trimmsalon-chalkidis.de\/wp-content\/uploads\/Einverstaendniserklaerung-Ausfallhonorar-mit-Logo.pdf\" target=\"_blank\" rel=\"noreferrer noopener\">Einverst\u00e4ndniserkl\u00e4rung Ausfallhonorar<\/a><\/strong><\/p>\n\n\n\n<p>Wir bitten Sie die Einverst\u00e4ndniserkl\u00e4rung ausgef\u00fcllt an unsere Mailadresse zu senden<\/p>\n\n\n\n<p class=\"has-text-align-center\"><a href=\"mailto:trimmsalon@live.de\">trimmsalon@live.de<\/a> <\/p>\n","protected":false},"excerpt":{"rendered":"<p>Einverst\u00e4ndniserkl\u00e4rung Ausfallhonorar Wir bitten Sie die Einverst\u00e4ndniserkl\u00e4rung ausgef\u00fcllt an unsere Mailadresse zu senden trimmsalon@live.de<\/p>\n","protected":false},"author":2,"featured_media":0,"parent":1082,"menu_order":1,"comment_status":"closed","ping_status":"closed","template":"","meta":{"footnotes":""},"class_list":["post-2879","page","type-page","status-publish","hentry"],"_links":{"self":[{"href":"https:\/\/www.trimmsalon-chalkidis.de\/index.php?rest_route=\/wp\/v2\/pages\/2879","targetHints":{"allow":["GET"]}}],"collection":[{"href":"https:\/\/www.trimmsalon-chalkidis.de\/index.php?rest_route=\/wp\/v2\/pages"}],"about":[{"href":"https:\/\/www.trimmsalon-chalkidis.de\/index.php?rest_route=\/wp\/v2\/types\/page"}],"author":[{"embeddable":true,"href":"https:\/\/www.trimmsalon-chalkidis.de\/index.php?rest_route=\/wp\/v2\/users\/2"}],"replies":[{"embeddable":true,"href":"https:\/\/www.trimmsalon-chalkidis.de\/index.php?rest_route=%2Fwp%2Fv2%2Fcomments&post=2879"}],"version-history":[{"count":14,"href":"https:\/\/www.trimmsalon-chalkidis.de\/index.php?rest_route=\/wp\/v2\/pages\/2879\/revisions"}],"predecessor-version":[{"id":3718,"href":"https:\/\/www.trimmsalon-chalkidis.de\/index.php?rest_route=\/wp\/v2\/pages\/2879\/revisions\/3718"}],"up":[{"embeddable":true,"href":"https:\/\/www.trimmsalon-chalkidis.de\/index.php?rest_route=\/wp\/v2\/pages\/1082"}],"wp:attachment":[{"href":"https:\/\/www.trimmsalon-chalkidis.de\/index.php?rest_route=%2Fwp%2Fv2%2Fmedia&parent=2879"}],"curies":[{"name":"wp","href":"https:\/\/api.w.org\/{rel}","templated":true}]}}