{"id":27,"date":"2012-07-03T01:04:45","date_gmt":"2012-07-02T23:04:45","guid":{"rendered":"http:\/\/www.trimmsalon-chalkidis.de\/?page_id=27"},"modified":"2026-01-12T12:13:55","modified_gmt":"2026-01-12T10:13:55","slug":"aktionen-und-news","status":"publish","type":"page","link":"https:\/\/www.trimmsalon-chalkidis.de\/?page_id=27","title":{"rendered":"Aktionen und News"},"content":{"rendered":"\n<figure class=\"wp-block-gallery has-nested-images columns-default is-cropped wp-block-gallery-1 is-layout-flex wp-block-gallery-is-layout-flex\"><div class=\"wp-block-image is-style-default\">\n<figure class=\"aligncenter size-large is-resized\"><img loading=\"lazy\" decoding=\"async\" width=\"733\" height=\"531\" data-id=\"3726\" src=\"https:\/\/www.trimmsalon-chalkidis.de\/wp-content\/uploads\/Hund-frei-optimal-1.jpg\" alt=\"\" class=\"wp-image-3726\" style=\"width:292px;height:auto\" srcset=\"https:\/\/www.trimmsalon-chalkidis.de\/wp-content\/uploads\/Hund-frei-optimal-1.jpg 733w, https:\/\/www.trimmsalon-chalkidis.de\/wp-content\/uploads\/Hund-frei-optimal-1-300x217.jpg 300w, https:\/\/www.trimmsalon-chalkidis.de\/wp-content\/uploads\/Hund-frei-optimal-1-414x300.jpg 414w\" sizes=\"auto, (max-width: 733px) 100vw, 733px\" \/><figcaption class=\"wp-element-caption\"><strong>seit 1995<\/strong><\/figcaption><\/figure>\n<\/div>\n\n\n<figure class=\"wp-block-image size-large\"><img loading=\"lazy\" decoding=\"async\" width=\"1024\" height=\"768\" data-id=\"4110\" src=\"https:\/\/www.trimmsalon-chalkidis.de\/wp-content\/uploads\/IMG_7185-1024x768.jpg\" alt=\"\" class=\"wp-image-4110\" srcset=\"https:\/\/www.trimmsalon-chalkidis.de\/wp-content\/uploads\/IMG_7185-1024x768.jpg 1024w, https:\/\/www.trimmsalon-chalkidis.de\/wp-content\/uploads\/IMG_7185-300x225.jpg 300w, https:\/\/www.trimmsalon-chalkidis.de\/wp-content\/uploads\/IMG_7185-768x576.jpg 768w, https:\/\/www.trimmsalon-chalkidis.de\/wp-content\/uploads\/IMG_7185-1536x1152.jpg 1536w, https:\/\/www.trimmsalon-chalkidis.de\/wp-content\/uploads\/IMG_7185-2048x1536.jpg 2048w, https:\/\/www.trimmsalon-chalkidis.de\/wp-content\/uploads\/IMG_7185-400x300.jpg 400w\" sizes=\"auto, (max-width: 1024px) 100vw, 1024px\" \/><figcaption class=\"wp-element-caption\">Habt einen sch\u00f6nen Winter\ud83c\udf84\ud83c\udf84\ud83c\udf84<\/figcaption><\/figure>\n<\/figure>\n\n\n\n<p class=\"has-medium-font-size\">Allen Zwei-&amp; Vierbeinern w\u00fcnschen wir ein frohes, gesundes und leckeres neue Jahr 2026\ud83e\udd42\ud83c\udf56\ud83c\udf57\ud83e\udd69\ud83d\udc3e\ud83d\udc3e\ud83d\udc3e\ud83d\udc3e<\/p>\n\n\n\n<figure class=\"wp-block-image size-large\"><img loading=\"lazy\" decoding=\"async\" width=\"1024\" height=\"672\" src=\"https:\/\/www.trimmsalon-chalkidis.de\/wp-content\/uploads\/IMG_6433-1024x672.jpeg\" alt=\"\" class=\"wp-image-4316\" srcset=\"https:\/\/www.trimmsalon-chalkidis.de\/wp-content\/uploads\/IMG_6433-1024x672.jpeg 1024w, https:\/\/www.trimmsalon-chalkidis.de\/wp-content\/uploads\/IMG_6433-300x197.jpeg 300w, https:\/\/www.trimmsalon-chalkidis.de\/wp-content\/uploads\/IMG_6433-768x504.jpeg 768w, https:\/\/www.trimmsalon-chalkidis.de\/wp-content\/uploads\/IMG_6433-1536x1008.jpeg 1536w, https:\/\/www.trimmsalon-chalkidis.de\/wp-content\/uploads\/IMG_6433-2048x1345.jpeg 2048w, https:\/\/www.trimmsalon-chalkidis.de\/wp-content\/uploads\/IMG_6433-457x300.jpeg 457w\" sizes=\"auto, (max-width: 1024px) 100vw, 1024px\" \/><\/figure>\n\n\n<h4 style=\"text-align: center; padding-left: 30px;\">\n\n\n<h1 class=\"wp-block-heading has-text-align-center has-text-color\" style=\"color:#f00a0a\"><strong>Ihr Trimmsalon &amp; Groomerschule Chalkidis&nbsp;<\/strong>empfiehlt: <strong>regelm\u00e4\u00dfige Fellpflege, damit die nat\u00fcrliche Klimaanlage unserer Tiere im Sommer und auch im Winter gut funktioniert<\/strong><\/h1>\n\n\n\n<h1 class=\"wp-block-heading has-text-align-center has-text-color\" style=\"color:#f40202\"><strong>ALLE TERMINE ZUR HUNDE- &amp; KATZENPFLEGE NACH VEREINBARUNG<\/strong><\/h1>\n\n\n\n<h1 class=\"wp-block-heading has-text-align-center has-text-color\" style=\"color:#f40202\">Telefon: 03378 802941 oder 0172 3990350<strong>&nbsp;<\/strong><\/h1>\n\n\n\n<hr class=\"wp-block-separator has-alpha-channel-opacity\"\/>\n\n\n\n<h4 class=\"wp-block-heading\"><span style=\"color: #ff0000;\"><strong><br><a style=\"color: #ff0000;\" href=\"http:\/\/www.trimmsalon-chalkidis.de\/?attachment_id=1941\" rel=\"attachment wp-att-1941\"><img loading=\"lazy\" decoding=\"async\" width=\"178\" height=\"135\" class=\" wp-image-1941 alignnone\" src=\"http:\/\/www.trimmsalon-chalkidis.de\/wp-content\/uploads\/IMG_1212-300x225.jpg\" alt=\"\" srcset=\"https:\/\/www.trimmsalon-chalkidis.de\/wp-content\/uploads\/IMG_1212-300x225.jpg 300w, https:\/\/www.trimmsalon-chalkidis.de\/wp-content\/uploads\/IMG_1212-768x576.jpg 768w, https:\/\/www.trimmsalon-chalkidis.de\/wp-content\/uploads\/IMG_1212-400x300.jpg 400w, https:\/\/www.trimmsalon-chalkidis.de\/wp-content\/uploads\/IMG_1212.jpg 960w\" sizes=\"auto, (max-width: 178px) 100vw, 178px\" \/>&nbsp;<\/a><a style=\"color: #ff0000;\" href=\"http:\/\/www.trimmsalon-chalkidis.de\/?attachment_id=1942\" rel=\"attachment wp-att-1942\"><img loading=\"lazy\" decoding=\"async\" width=\"146\" height=\"111\" class=\"wp-image-1942 alignnone\" src=\"http:\/\/www.trimmsalon-chalkidis.de\/wp-content\/uploads\/IMG_1187-300x225.jpg\" alt=\"\" srcset=\"https:\/\/www.trimmsalon-chalkidis.de\/wp-content\/uploads\/IMG_1187-300x225.jpg 300w, https:\/\/www.trimmsalon-chalkidis.de\/wp-content\/uploads\/IMG_1187-768x576.jpg 768w, https:\/\/www.trimmsalon-chalkidis.de\/wp-content\/uploads\/IMG_1187-400x300.jpg 400w, https:\/\/www.trimmsalon-chalkidis.de\/wp-content\/uploads\/IMG_1187.jpg 960w\" sizes=\"auto, (max-width: 146px) 100vw, 146px\" \/><\/a><a style=\"color: #ff0000;\" href=\"http:\/\/www.trimmsalon-chalkidis.de\/?attachment_id=1943\" rel=\"attachment wp-att-1943\"><img loading=\"lazy\" decoding=\"async\" width=\"167\" height=\"128\" class=\" wp-image-1943 alignnone\" src=\"http:\/\/www.trimmsalon-chalkidis.de\/wp-content\/uploads\/IMG_1133-300x225.jpg\" alt=\"\"><\/a><\/strong><\/span><\/h4>\n\n\n\n<div class=\"wp-block-columns is-layout-flex wp-container-core-columns-is-layout-9d6595d7 wp-block-columns-is-layout-flex\">\n<div class=\"wp-block-column is-layout-flow wp-block-column-is-layout-flow\" style=\"flex-basis:100%\">\n<div class=\"wp-block-group\"><div class=\"wp-block-group__inner-container is-layout-constrained wp-block-group-is-layout-constrained\">\n<figure class=\"wp-block-gallery has-nested-images columns-default is-cropped wp-block-gallery-2 is-layout-flex wp-block-gallery-is-layout-flex\">\n<figure class=\"wp-block-image size-large\"><img loading=\"lazy\" decoding=\"async\" width=\"1024\" height=\"768\" data-id=\"2980\" src=\"https:\/\/www.trimmsalon-chalkidis.de\/wp-content\/uploads\/IMG_7184-1024x768.jpeg\" alt=\"\" class=\"wp-image-2980\" srcset=\"https:\/\/www.trimmsalon-chalkidis.de\/wp-content\/uploads\/IMG_7184-1024x768.jpeg 1024w, https:\/\/www.trimmsalon-chalkidis.de\/wp-content\/uploads\/IMG_7184-300x225.jpeg 300w, https:\/\/www.trimmsalon-chalkidis.de\/wp-content\/uploads\/IMG_7184-768x576.jpeg 768w, https:\/\/www.trimmsalon-chalkidis.de\/wp-content\/uploads\/IMG_7184-1536x1152.jpeg 1536w, https:\/\/www.trimmsalon-chalkidis.de\/wp-content\/uploads\/IMG_7184-2048x1536.jpeg 2048w, https:\/\/www.trimmsalon-chalkidis.de\/wp-content\/uploads\/IMG_7184-400x300.jpeg 400w\" sizes=\"auto, (max-width: 1024px) 100vw, 1024px\" \/><\/figure>\n\n\n\n<figure class=\"wp-block-image size-large\"><img loading=\"lazy\" decoding=\"async\" width=\"768\" height=\"1024\" data-id=\"2979\" src=\"https:\/\/www.trimmsalon-chalkidis.de\/wp-content\/uploads\/IMG_7342-768x1024.jpeg\" alt=\"\" class=\"wp-image-2979\" srcset=\"https:\/\/www.trimmsalon-chalkidis.de\/wp-content\/uploads\/IMG_7342-768x1024.jpeg 768w, https:\/\/www.trimmsalon-chalkidis.de\/wp-content\/uploads\/IMG_7342-225x300.jpeg 225w, https:\/\/www.trimmsalon-chalkidis.de\/wp-content\/uploads\/IMG_7342-1152x1536.jpeg 1152w, https:\/\/www.trimmsalon-chalkidis.de\/wp-content\/uploads\/IMG_7342-1536x2048.jpeg 1536w, https:\/\/www.trimmsalon-chalkidis.de\/wp-content\/uploads\/IMG_7342-scaled.jpeg 1920w\" sizes=\"auto, (max-width: 768px) 100vw, 768px\" \/><\/figure>\n\n\n\n<figure class=\"wp-block-image size-large\"><img loading=\"lazy\" decoding=\"async\" width=\"768\" height=\"1024\" data-id=\"2978\" src=\"https:\/\/www.trimmsalon-chalkidis.de\/wp-content\/uploads\/IMG_7592-768x1024.jpeg\" alt=\"\" class=\"wp-image-2978\" srcset=\"https:\/\/www.trimmsalon-chalkidis.de\/wp-content\/uploads\/IMG_7592-768x1024.jpeg 768w, https:\/\/www.trimmsalon-chalkidis.de\/wp-content\/uploads\/IMG_7592-225x300.jpeg 225w, https:\/\/www.trimmsalon-chalkidis.de\/wp-content\/uploads\/IMG_7592-1152x1536.jpeg 1152w, https:\/\/www.trimmsalon-chalkidis.de\/wp-content\/uploads\/IMG_7592-1536x2048.jpeg 1536w, https:\/\/www.trimmsalon-chalkidis.de\/wp-content\/uploads\/IMG_7592-scaled.jpeg 1920w\" sizes=\"auto, (max-width: 768px) 100vw, 768px\" \/><\/figure>\n\n\n\n<figure class=\"wp-block-image size-large\"><img loading=\"lazy\" decoding=\"async\" width=\"766\" height=\"1024\" data-id=\"2977\" src=\"https:\/\/www.trimmsalon-chalkidis.de\/wp-content\/uploads\/b26c3d04-5040-446d-a76e-83eafdaf4971-766x1024.jpeg\" alt=\"\" class=\"wp-image-2977\" srcset=\"https:\/\/www.trimmsalon-chalkidis.de\/wp-content\/uploads\/b26c3d04-5040-446d-a76e-83eafdaf4971-766x1024.jpeg 766w, https:\/\/www.trimmsalon-chalkidis.de\/wp-content\/uploads\/b26c3d04-5040-446d-a76e-83eafdaf4971-224x300.jpeg 224w, https:\/\/www.trimmsalon-chalkidis.de\/wp-content\/uploads\/b26c3d04-5040-446d-a76e-83eafdaf4971-768x1027.jpeg 768w, https:\/\/www.trimmsalon-chalkidis.de\/wp-content\/uploads\/b26c3d04-5040-446d-a76e-83eafdaf4971-1149x1536.jpeg 1149w, https:\/\/www.trimmsalon-chalkidis.de\/wp-content\/uploads\/b26c3d04-5040-446d-a76e-83eafdaf4971.jpeg 1197w\" sizes=\"auto, (max-width: 766px) 100vw, 766px\" \/><\/figure>\n\n\n\n<figure class=\"wp-block-image size-large\"><img loading=\"lazy\" decoding=\"async\" width=\"720\" height=\"720\" data-id=\"2976\" src=\"https:\/\/www.trimmsalon-chalkidis.de\/wp-content\/uploads\/IMG_1333.jpeg\" alt=\"\" class=\"wp-image-2976\" srcset=\"https:\/\/www.trimmsalon-chalkidis.de\/wp-content\/uploads\/IMG_1333.jpeg 720w, https:\/\/www.trimmsalon-chalkidis.de\/wp-content\/uploads\/IMG_1333-300x300.jpeg 300w, https:\/\/www.trimmsalon-chalkidis.de\/wp-content\/uploads\/IMG_1333-200x200.jpeg 200w\" sizes=\"auto, (max-width: 720px) 100vw, 720px\" \/><\/figure>\n<\/figure>\n\n\n\n<figure class=\"wp-block-gallery has-nested-images columns-default is-cropped wp-block-gallery-3 is-layout-flex wp-block-gallery-is-layout-flex\">\n<figure class=\"wp-block-image size-large\"><img loading=\"lazy\" decoding=\"async\" width=\"768\" height=\"1024\" data-id=\"2992\" src=\"https:\/\/www.trimmsalon-chalkidis.de\/wp-content\/uploads\/IMG_6942-768x1024.jpeg\" alt=\"\" class=\"wp-image-2992\" srcset=\"https:\/\/www.trimmsalon-chalkidis.de\/wp-content\/uploads\/IMG_6942-768x1024.jpeg 768w, https:\/\/www.trimmsalon-chalkidis.de\/wp-content\/uploads\/IMG_6942-225x300.jpeg 225w, https:\/\/www.trimmsalon-chalkidis.de\/wp-content\/uploads\/IMG_6942-1152x1536.jpeg 1152w, https:\/\/www.trimmsalon-chalkidis.de\/wp-content\/uploads\/IMG_6942-1536x2048.jpeg 1536w, https:\/\/www.trimmsalon-chalkidis.de\/wp-content\/uploads\/IMG_6942-scaled.jpeg 1920w\" sizes=\"auto, (max-width: 768px) 100vw, 768px\" \/><\/figure>\n\n\n\n<figure class=\"wp-block-image size-large\"><img loading=\"lazy\" decoding=\"async\" width=\"768\" height=\"1024\" data-id=\"2991\" src=\"https:\/\/www.trimmsalon-chalkidis.de\/wp-content\/uploads\/IMG_7132-768x1024.jpeg\" alt=\"\" class=\"wp-image-2991\" srcset=\"https:\/\/www.trimmsalon-chalkidis.de\/wp-content\/uploads\/IMG_7132-768x1024.jpeg 768w, https:\/\/www.trimmsalon-chalkidis.de\/wp-content\/uploads\/IMG_7132-225x300.jpeg 225w, https:\/\/www.trimmsalon-chalkidis.de\/wp-content\/uploads\/IMG_7132-1152x1536.jpeg 1152w, https:\/\/www.trimmsalon-chalkidis.de\/wp-content\/uploads\/IMG_7132-1536x2048.jpeg 1536w, https:\/\/www.trimmsalon-chalkidis.de\/wp-content\/uploads\/IMG_7132-scaled.jpeg 1920w\" sizes=\"auto, (max-width: 768px) 100vw, 768px\" \/><\/figure>\n\n\n\n<figure class=\"wp-block-image size-large\"><img loading=\"lazy\" decoding=\"async\" width=\"768\" height=\"1024\" data-id=\"2990\" src=\"https:\/\/www.trimmsalon-chalkidis.de\/wp-content\/uploads\/IMG_6950-768x1024.jpeg\" alt=\"\" class=\"wp-image-2990\" srcset=\"https:\/\/www.trimmsalon-chalkidis.de\/wp-content\/uploads\/IMG_6950-768x1024.jpeg 768w, https:\/\/www.trimmsalon-chalkidis.de\/wp-content\/uploads\/IMG_6950-225x300.jpeg 225w, https:\/\/www.trimmsalon-chalkidis.de\/wp-content\/uploads\/IMG_6950-1152x1536.jpeg 1152w, https:\/\/www.trimmsalon-chalkidis.de\/wp-content\/uploads\/IMG_6950-1536x2048.jpeg 1536w, https:\/\/www.trimmsalon-chalkidis.de\/wp-content\/uploads\/IMG_6950-scaled.jpeg 1920w\" sizes=\"auto, (max-width: 768px) 100vw, 768px\" \/><\/figure>\n\n\n\n<figure class=\"wp-block-image size-large\"><img loading=\"lazy\" decoding=\"async\" width=\"768\" height=\"1024\" data-id=\"2987\" src=\"https:\/\/www.trimmsalon-chalkidis.de\/wp-content\/uploads\/IMG_7039-768x1024.jpeg\" alt=\"\" class=\"wp-image-2987\" srcset=\"https:\/\/www.trimmsalon-chalkidis.de\/wp-content\/uploads\/IMG_7039-768x1024.jpeg 768w, https:\/\/www.trimmsalon-chalkidis.de\/wp-content\/uploads\/IMG_7039-225x300.jpeg 225w, https:\/\/www.trimmsalon-chalkidis.de\/wp-content\/uploads\/IMG_7039-1152x1536.jpeg 1152w, https:\/\/www.trimmsalon-chalkidis.de\/wp-content\/uploads\/IMG_7039-1536x2048.jpeg 1536w, https:\/\/www.trimmsalon-chalkidis.de\/wp-content\/uploads\/IMG_7039-scaled.jpeg 1920w\" sizes=\"auto, (max-width: 768px) 100vw, 768px\" \/><\/figure>\n\n\n\n<figure class=\"wp-block-image size-large\"><img loading=\"lazy\" decoding=\"async\" width=\"768\" height=\"1024\" data-id=\"2986\" src=\"https:\/\/www.trimmsalon-chalkidis.de\/wp-content\/uploads\/IMG_7114-768x1024.jpeg\" alt=\"\" class=\"wp-image-2986\" srcset=\"https:\/\/www.trimmsalon-chalkidis.de\/wp-content\/uploads\/IMG_7114-768x1024.jpeg 768w, https:\/\/www.trimmsalon-chalkidis.de\/wp-content\/uploads\/IMG_7114-225x300.jpeg 225w, https:\/\/www.trimmsalon-chalkidis.de\/wp-content\/uploads\/IMG_7114-1152x1536.jpeg 1152w, https:\/\/www.trimmsalon-chalkidis.de\/wp-content\/uploads\/IMG_7114-1536x2048.jpeg 1536w, https:\/\/www.trimmsalon-chalkidis.de\/wp-content\/uploads\/IMG_7114-scaled.jpeg 1920w\" sizes=\"auto, (max-width: 768px) 100vw, 768px\" \/><\/figure>\n\n\n\n<figure class=\"wp-block-image size-large\"><img loading=\"lazy\" decoding=\"async\" width=\"768\" height=\"1024\" data-id=\"2985\" src=\"https:\/\/www.trimmsalon-chalkidis.de\/wp-content\/uploads\/IMG_7135-768x1024.jpeg\" alt=\"\" class=\"wp-image-2985\" srcset=\"https:\/\/www.trimmsalon-chalkidis.de\/wp-content\/uploads\/IMG_7135-768x1024.jpeg 768w, https:\/\/www.trimmsalon-chalkidis.de\/wp-content\/uploads\/IMG_7135-225x300.jpeg 225w, https:\/\/www.trimmsalon-chalkidis.de\/wp-content\/uploads\/IMG_7135-1152x1536.jpeg 1152w, https:\/\/www.trimmsalon-chalkidis.de\/wp-content\/uploads\/IMG_7135-1536x2048.jpeg 1536w, https:\/\/www.trimmsalon-chalkidis.de\/wp-content\/uploads\/IMG_7135-scaled.jpeg 1920w\" sizes=\"auto, (max-width: 768px) 100vw, 768px\" \/><\/figure>\n\n\n\n<figure class=\"wp-block-image size-large\"><img loading=\"lazy\" decoding=\"async\" width=\"768\" height=\"1024\" data-id=\"2984\" src=\"https:\/\/www.trimmsalon-chalkidis.de\/wp-content\/uploads\/IMG_7137-768x1024.jpeg\" alt=\"\" class=\"wp-image-2984\" srcset=\"https:\/\/www.trimmsalon-chalkidis.de\/wp-content\/uploads\/IMG_7137-768x1024.jpeg 768w, https:\/\/www.trimmsalon-chalkidis.de\/wp-content\/uploads\/IMG_7137-225x300.jpeg 225w, https:\/\/www.trimmsalon-chalkidis.de\/wp-content\/uploads\/IMG_7137-1152x1536.jpeg 1152w, https:\/\/www.trimmsalon-chalkidis.de\/wp-content\/uploads\/IMG_7137-1536x2048.jpeg 1536w, https:\/\/www.trimmsalon-chalkidis.de\/wp-content\/uploads\/IMG_7137-scaled.jpeg 1920w\" sizes=\"auto, (max-width: 768px) 100vw, 768px\" \/><\/figure>\n\n\n\n<figure class=\"wp-block-image size-large\"><img loading=\"lazy\" decoding=\"async\" width=\"768\" height=\"1024\" data-id=\"2983\" src=\"https:\/\/www.trimmsalon-chalkidis.de\/wp-content\/uploads\/IMG_7169-768x1024.jpeg\" alt=\"\" class=\"wp-image-2983\" srcset=\"https:\/\/www.trimmsalon-chalkidis.de\/wp-content\/uploads\/IMG_7169-768x1024.jpeg 768w, https:\/\/www.trimmsalon-chalkidis.de\/wp-content\/uploads\/IMG_7169-225x300.jpeg 225w, https:\/\/www.trimmsalon-chalkidis.de\/wp-content\/uploads\/IMG_7169-1152x1536.jpeg 1152w, https:\/\/www.trimmsalon-chalkidis.de\/wp-content\/uploads\/IMG_7169-1536x2048.jpeg 1536w, https:\/\/www.trimmsalon-chalkidis.de\/wp-content\/uploads\/IMG_7169-scaled.jpeg 1920w\" sizes=\"auto, (max-width: 768px) 100vw, 768px\" \/><\/figure>\n<\/figure>\n<\/div><\/div>\n<\/div>\n<\/div>\n\n\n\n<h4 class=\"wp-block-heading\"><span style=\"color: #ff0000;\"><strong><a style=\"color: #ff0000;\" href=\"http:\/\/www.trimmsalon-chalkidis.de\/?attachment_id=1945\" rel=\"attachment wp-att-1945\"><img loading=\"lazy\" decoding=\"async\" class=\"aligncenter size-medium wp-image-1945\" src=\"http:\/\/www.trimmsalon-chalkidis.de\/wp-content\/uploads\/IMG_7107-300x225.jpg\" alt=\"\" width=\"300\" height=\"225\" srcset=\"https:\/\/www.trimmsalon-chalkidis.de\/wp-content\/uploads\/IMG_7107-300x225.jpg 300w, https:\/\/www.trimmsalon-chalkidis.de\/wp-content\/uploads\/IMG_7107-768x576.jpg 768w, https:\/\/www.trimmsalon-chalkidis.de\/wp-content\/uploads\/IMG_7107-1024x768.jpg 1024w, https:\/\/www.trimmsalon-chalkidis.de\/wp-content\/uploads\/IMG_7107-400x300.jpg 400w\" sizes=\"auto, (max-width: 300px) 100vw, 300px\" \/><\/a><\/strong><\/span><\/h4>\n\n\n\n<figure class=\"wp-block-gallery has-nested-images columns-default is-cropped wp-block-gallery-4 is-layout-flex wp-block-gallery-is-layout-flex\">\n<figure class=\"wp-block-image size-large\"><img loading=\"lazy\" decoding=\"async\" width=\"1024\" height=\"768\" data-id=\"2988\" src=\"https:\/\/www.trimmsalon-chalkidis.de\/wp-content\/uploads\/IMG_1404-1024x768.jpeg\" alt=\"\" class=\"wp-image-2988\" srcset=\"https:\/\/www.trimmsalon-chalkidis.de\/wp-content\/uploads\/IMG_1404-1024x768.jpeg 1024w, https:\/\/www.trimmsalon-chalkidis.de\/wp-content\/uploads\/IMG_1404-300x225.jpeg 300w, https:\/\/www.trimmsalon-chalkidis.de\/wp-content\/uploads\/IMG_1404-768x576.jpeg 768w, https:\/\/www.trimmsalon-chalkidis.de\/wp-content\/uploads\/IMG_1404-1536x1152.jpeg 1536w, https:\/\/www.trimmsalon-chalkidis.de\/wp-content\/uploads\/IMG_1404-2048x1536.jpeg 2048w, https:\/\/www.trimmsalon-chalkidis.de\/wp-content\/uploads\/IMG_1404-400x300.jpeg 400w\" sizes=\"auto, (max-width: 1024px) 100vw, 1024px\" \/><figcaption class=\"wp-element-caption\"><strong>vorher nur Filz<\/strong><\/figcaption><\/figure>\n<\/figure>\n\n\n\n<figure class=\"wp-block-image size-large\"><img loading=\"lazy\" decoding=\"async\" width=\"1024\" height=\"768\" src=\"https:\/\/www.trimmsalon-chalkidis.de\/wp-content\/uploads\/IMG_1415-1024x768.jpeg\" alt=\"\" class=\"wp-image-2989\" srcset=\"https:\/\/www.trimmsalon-chalkidis.de\/wp-content\/uploads\/IMG_1415-1024x768.jpeg 1024w, https:\/\/www.trimmsalon-chalkidis.de\/wp-content\/uploads\/IMG_1415-300x225.jpeg 300w, https:\/\/www.trimmsalon-chalkidis.de\/wp-content\/uploads\/IMG_1415-768x576.jpeg 768w, https:\/\/www.trimmsalon-chalkidis.de\/wp-content\/uploads\/IMG_1415-1536x1152.jpeg 1536w, https:\/\/www.trimmsalon-chalkidis.de\/wp-content\/uploads\/IMG_1415-2048x1536.jpeg 2048w, https:\/\/www.trimmsalon-chalkidis.de\/wp-content\/uploads\/IMG_1415-400x300.jpeg 400w\" sizes=\"auto, (max-width: 1024px) 100vw, 1024px\" \/><figcaption class=\"wp-element-caption\"><strong>nach 2 Stunden intensiver Filz- und Schertechnik  wie neu<\/strong><\/figcaption><\/figure>\n\n\n\n<p class=\"has-text-align-center\"><span style=\"color: #ff0000;\">Wir bitten um ihr Verst\u00e4ndnis, <\/span><\/p>\n\n\n\n<p class=\"has-text-align-left\"><span style=\"color: #ff0000;\">F\u00fcr Termine zur Fellpflege die nicht wahrgenommen und nicht rechtzeitig (24 Stunden vorher) abgesagt wurden, machen wir von unserem Recht Gebrauch Ihnen eine Entsch\u00e4digung in H\u00f6he von 30\u20ac Ausfallhonorar in Rechnung zu stellen, gem\u00e4\u00df \u00a7\u00a7615 \/ 280 BGB.<\/span><\/p>\n\n\n\n\n<p><iframe src=\"https:\/\/www.google.com\/maps\/embed?pb=!1m18!1m12!1m3!1d2439.0593740348554!2d13.2391968!3d52.314925099999996!2m3!1f0!2f0!3f0!3m2!1i1024!2i768!4f13.1!3m3!1m2!1s0x416538069f16c3d5%3A0xdf040982f40179c2!2sTrimmsalon%20%26%20Groomerschule%20Chalkidis%20%2F%20Hunde-%20und%20Katzenpflege%2C%20Katzenpension!5e0!3m2!1sde!2sde!4v1733155236657!5m2!1sde!2sde\" width=\"600\" height=\"450\" style=\"border:0;\" allowfullscreen=\"\" loading=\"lazy\" referrerpolicy=\"no-referrer-when-downgrade\"><\/iframe><\/p>","protected":false},"excerpt":{"rendered":"<p>Allen Zwei-&amp; Vierbeinern w\u00fcnschen wir ein frohes, gesundes und leckeres neue Jahr 2026\ud83e\udd42\ud83c\udf56\ud83c\udf57\ud83e\udd69\ud83d\udc3e\ud83d\udc3e\ud83d\udc3e\ud83d\udc3e Ihr Trimmsalon &amp; Groomerschule Chalkidis&nbsp;empfiehlt: regelm\u00e4\u00dfige Fellpflege, damit die nat\u00fcrliche Klimaanlage unserer Tiere im Sommer und auch im Winter gut funktioniert ALLE TERMINE ZUR HUNDE- &amp; KATZENPFLEGE &hellip; <a href=\"https:\/\/www.trimmsalon-chalkidis.de\/?page_id=27\">Weiterlesen <span class=\"meta-nav\">&rarr;<\/span><\/a><\/p>\n","protected":false},"author":2,"featured_media":0,"parent":0,"menu_order":0,"comment_status":"closed","ping_status":"closed","template":"","meta":{"footnotes":""},"class_list":["post-27","page","type-page","status-publish","hentry"],"_links":{"self":[{"href":"https:\/\/www.trimmsalon-chalkidis.de\/index.php?rest_route=\/wp\/v2\/pages\/27","targetHints":{"allow":["GET"]}}],"collection":[{"href":"https:\/\/www.trimmsalon-chalkidis.de\/index.php?rest_route=\/wp\/v2\/pages"}],"about":[{"href":"https:\/\/www.trimmsalon-chalkidis.de\/index.php?rest_route=\/wp\/v2\/types\/page"}],"author":[{"embeddable":true,"href":"https:\/\/www.trimmsalon-chalkidis.de\/index.php?rest_route=\/wp\/v2\/users\/2"}],"replies":[{"embeddable":true,"href":"https:\/\/www.trimmsalon-chalkidis.de\/index.php?rest_route=%2Fwp%2Fv2%2Fcomments&post=27"}],"version-history":[{"count":53,"href":"https:\/\/www.trimmsalon-chalkidis.de\/index.php?rest_route=\/wp\/v2\/pages\/27\/revisions"}],"predecessor-version":[{"id":4326,"href":"https:\/\/www.trimmsalon-chalkidis.de\/index.php?rest_route=\/wp\/v2\/pages\/27\/revisions\/4326"}],"wp:attachment":[{"href":"https:\/\/www.trimmsalon-chalkidis.de\/index.php?rest_route=%2Fwp%2Fv2%2Fmedia&parent=27"}],"curies":[{"name":"wp","href":"https:\/\/api.w.org\/{rel}","templated":true}]}}