{"id":2677,"date":"2021-10-12T17:36:32","date_gmt":"2021-10-12T15:36:32","guid":{"rendered":"https:\/\/www.trimmsalon-chalkidis.de\/?page_id=2677"},"modified":"2026-05-05T19:07:02","modified_gmt":"2026-05-05T17:07:02","slug":"online-anmeldung-zur-katzen-und-kleintierpension","status":"publish","type":"page","link":"https:\/\/www.trimmsalon-chalkidis.de\/?page_id=2677","title":{"rendered":"Online Anmeldung zur Katzen- und Kleintierpension"},"content":{"rendered":"\n<p>Liebe Kunden,<\/p>\n\n\n\n<p>Bitte beachten, ab 1.1.2026 gilt unser neuer All inclusive Preis von 15\u20ac \/Tier\/Tag. Das nachfolgende online Anmeldeformular nur f\u00fcr eine verbindliche Buchung in der Katzen- und Kleintierpension ausf\u00fcllen. \u00a0Sie erhalten eine Best\u00e4tigungsemail.<\/p>\n\n\n\n<p><strong>Bitte beachten Sie bei der Buchung: &nbsp; Anreise und Abreise am Samstag, Sonntag und Feiertag um 10 Uhr , an allen anderen Tagen &nbsp;individuelle Terminvereinbarung<\/strong><\/p>\n\n\n\n<p>F\u00fcr R\u00fcckfragen k\u00f6nnen uns telefonisch kontaktieren unter 03378 802941 oder unter &nbsp;0172 3990350&nbsp;oder per Mail:&nbsp;<a target=\"_blank\" rel=\"noreferrer noopener\">trimmsalon@live.de<\/a>&nbsp;.<\/p>\n\n\n\n<p><strong>ANMELDEFORMULAR F\u00dcR DIE KATZEN- UND KLEINTIERPENSION CHALKIDIS<\/strong><\/p>\n\n\n\n<div class=\"wp-block-contact-form-7-contact-form-selector\">\n<div class=\"wpcf7 no-js\" id=\"wpcf7-f4065-o1\" lang=\"de-DE\" dir=\"ltr\" data-wpcf7-id=\"4065\">\n<div class=\"screen-reader-response\"><p role=\"status\" aria-live=\"polite\" aria-atomic=\"true\"><\/p> <ul><\/ul><\/div>\n<form action=\"\/index.php?rest_route=%2Fwp%2Fv2%2Fpages%2F2677#wpcf7-f4065-o1\" method=\"post\" class=\"wpcf7-form init\" aria-label=\"Kontaktformular\" novalidate=\"novalidate\" data-status=\"init\">\n<fieldset class=\"hidden-fields-container\"><input type=\"hidden\" name=\"_wpcf7\" value=\"4065\" \/><input type=\"hidden\" name=\"_wpcf7_version\" value=\"6.1.5\" \/><input type=\"hidden\" name=\"_wpcf7_locale\" value=\"de_DE\" \/><input type=\"hidden\" name=\"_wpcf7_unit_tag\" value=\"wpcf7-f4065-o1\" \/><input type=\"hidden\" name=\"_wpcf7_container_post\" value=\"0\" \/><input type=\"hidden\" name=\"_wpcf7_posted_data_hash\" value=\"\" \/>\n<\/fieldset>\n<p><span class=\"wpcf7-form-control-wrap\" data-name=\"text-448\"><input size=\"40\" maxlength=\"400\" class=\"wpcf7-form-control wpcf7-text wpcf7-validates-as-required\" aria-required=\"true\" aria-invalid=\"false\" placeholder=\"Nachname\" value=\"\" type=\"text\" name=\"text-448\" \/><\/span><span class=\"wpcf7-form-control-wrap\" data-name=\"text-449\"><input size=\"40\" maxlength=\"400\" class=\"wpcf7-form-control wpcf7-text wpcf7-validates-as-required\" aria-required=\"true\" aria-invalid=\"false\" placeholder=\"Vorname\" value=\"\" type=\"text\" name=\"text-449\" \/><\/span>\n<\/p>\n<p><span class=\"wpcf7-form-control-wrap\" data-name=\"text-12\"><input size=\"40\" maxlength=\"400\" class=\"wpcf7-form-control wpcf7-text wpcf7-validates-as-required\" aria-required=\"true\" aria-invalid=\"false\" placeholder=\"PLZ\" value=\"\" type=\"text\" name=\"text-12\" \/><\/span><span class=\"wpcf7-form-control-wrap\" data-name=\"text-13\"><input size=\"40\" maxlength=\"400\" class=\"wpcf7-form-control wpcf7-text wpcf7-validates-as-required\" aria-required=\"true\" aria-invalid=\"false\" placeholder=\"Ort\" value=\"\" type=\"text\" name=\"text-13\" \/><\/span>\n<\/p>\n<p><span class=\"wpcf7-form-control-wrap\" data-name=\"text-951\"><input size=\"40\" maxlength=\"400\" class=\"wpcf7-form-control wpcf7-text wpcf7-validates-as-required\" aria-required=\"true\" aria-invalid=\"false\" placeholder=\"Stra\u00dfe\" value=\"\" type=\"text\" name=\"text-951\" \/><\/span><span class=\"wpcf7-form-control-wrap\" data-name=\"text-952\"><input size=\"40\" maxlength=\"400\" class=\"wpcf7-form-control wpcf7-text wpcf7-validates-as-required\" aria-required=\"true\" aria-invalid=\"false\" placeholder=\"Hausnummer\" value=\"\" type=\"text\" name=\"text-952\" \/><\/span>\n<\/p>\n<p><span class=\"wpcf7-form-control-wrap\" data-name=\"text-852\"><input size=\"40\" maxlength=\"400\" class=\"wpcf7-form-control wpcf7-text wpcf7-validates-as-required\" aria-required=\"true\" aria-invalid=\"false\" placeholder=\"Telefonnummer\" value=\"\" type=\"text\" name=\"text-852\" \/><\/span>\n<\/p>\n<p><span class=\"wpcf7-form-control-wrap\" data-name=\"email-177\"><input size=\"40\" maxlength=\"400\" class=\"wpcf7-form-control wpcf7-email wpcf7-validates-as-required wpcf7-text wpcf7-validates-as-email\" aria-required=\"true\" aria-invalid=\"false\" placeholder=\"email\" value=\"\" type=\"email\" name=\"email-177\" \/><\/span>\n<\/p>\n<p>Katzenpension:<br \/>\n<span class=\"wpcf7-form-control-wrap\" data-name=\"text-65\"><input size=\"40\" maxlength=\"400\" class=\"wpcf7-form-control wpcf7-text\" aria-invalid=\"false\" placeholder=\"Rasse\" value=\"\" type=\"text\" name=\"text-65\" \/><\/span><span class=\"wpcf7-form-control-wrap\" data-name=\"text-64\"><input size=\"40\" maxlength=\"400\" class=\"wpcf7-form-control wpcf7-text\" aria-invalid=\"false\" placeholder=\"Tiername(n)\" value=\"\" type=\"text\" name=\"text-64\" \/><\/span><span class=\"wpcf7-form-control-wrap\" data-name=\"text-150\"><input size=\"40\" maxlength=\"400\" class=\"wpcf7-form-control wpcf7-text\" aria-invalid=\"false\" placeholder=\"Alter\/Geburtsdatum\" value=\"\" type=\"text\" name=\"text-150\" \/><\/span>\n<\/p>\n<p><span class=\"wpcf7-form-control-wrap\" data-name=\"text-427\"><input size=\"40\" maxlength=\"400\" class=\"wpcf7-form-control wpcf7-text\" aria-invalid=\"false\" placeholder=\"Rasse\" value=\"\" type=\"text\" name=\"text-427\" \/><\/span><span class=\"wpcf7-form-control-wrap\" data-name=\"text-614\"><input size=\"40\" maxlength=\"400\" class=\"wpcf7-form-control wpcf7-text\" aria-invalid=\"false\" placeholder=\"Tiername\" value=\"\" type=\"text\" name=\"text-614\" \/><\/span><span class=\"wpcf7-form-control-wrap\" data-name=\"text-46\"><input size=\"40\" maxlength=\"400\" class=\"wpcf7-form-control wpcf7-text\" aria-invalid=\"false\" placeholder=\"Alter\/Geburtsdatum\" value=\"\" type=\"text\" name=\"text-46\" \/><\/span>\n<\/p>\n<p><span class=\"wpcf7-form-control-wrap\" data-name=\"text-10\"><input size=\"40\" maxlength=\"400\" class=\"wpcf7-form-control wpcf7-text\" aria-invalid=\"false\" placeholder=\"Rasse\" value=\"\" type=\"text\" name=\"text-10\" \/><\/span><span class=\"wpcf7-form-control-wrap\" data-name=\"text-689\"><input size=\"40\" maxlength=\"400\" class=\"wpcf7-form-control wpcf7-text\" aria-invalid=\"false\" placeholder=\"Tiername\" value=\"\" type=\"text\" name=\"text-689\" \/><\/span><span class=\"wpcf7-form-control-wrap\" data-name=\"text-967\"><input size=\"40\" maxlength=\"400\" class=\"wpcf7-form-control wpcf7-text\" aria-invalid=\"false\" placeholder=\"Alter\/Geburtsdatum\" value=\"\" type=\"text\" name=\"text-967\" \/><\/span>\n<\/p>\n<p>Kleintierpension:<br \/>\n<span class=\"wpcf7-form-control-wrap\" data-name=\"text-66\"><input size=\"40\" maxlength=\"400\" class=\"wpcf7-form-control wpcf7-text\" aria-invalid=\"false\" placeholder=\"Tiername(n)\" value=\"\" type=\"text\" name=\"text-66\" \/><\/span><br \/>\n<span class=\"wpcf7-form-control-wrap\" data-name=\"menu-741\"><select class=\"wpcf7-form-control wpcf7-select\" aria-invalid=\"false\" multiple=\"multiple\" name=\"menu-741[]\"><option value=\"\">&#8211; Bitte ausw\u00e4hlen &#8211;<\/option><option value=\"Hase\">Hase<\/option><option value=\"Hamster\">Hamster<\/option><option value=\"Meerschweinchen\">Meerschweinchen<\/option><option value=\"Vogel\">Vogel<\/option><option value=\"sonstiges\">sonstiges<\/option><\/select><\/span>Anzahl:<span class=\"wpcf7-form-control-wrap\" data-name=\"number-592\"><input class=\"wpcf7-form-control wpcf7-number wpcf7-validates-as-number\" min=\"1\" max=\"10\" aria-invalid=\"false\" value=\"Anzahl\" type=\"number\" name=\"number-592\" \/><\/span>\n<\/p>\n<p>Ist die Gabe von Medikamenten n\u00f6tig?<br \/>\n<span class=\"wpcf7-form-control-wrap\" data-name=\"checkbox-271\"><span class=\"wpcf7-form-control wpcf7-checkbox\"><span class=\"wpcf7-list-item first\"><label><input type=\"checkbox\" name=\"checkbox-271[]\" value=\"Ja\" \/><span class=\"wpcf7-list-item-label\">Ja<\/span><\/label><\/span><span class=\"wpcf7-list-item last\"><label><input type=\"checkbox\" name=\"checkbox-271[]\" value=\"nein\" \/><span class=\"wpcf7-list-item-label\">nein<\/span><\/label><\/span><\/span><\/span>\n<\/p>\n<p>Sie vermissen Ihr Tier im Urlaub? Unsere L\u00f6sung<br \/>\nIhre Live Webcam, um Ihr Tier jederzeit sehen zu k\u00f6nnen.<br \/>\n(im Doppelzimmer Wood, Einzelzimmer Banane und Suite Oase m\u00f6glich)<br \/>\n<span class=\"wpcf7-form-control-wrap\" data-name=\"checkbox-427\"><span class=\"wpcf7-form-control wpcf7-checkbox wpcf7-validates-as-required\"><span class=\"wpcf7-list-item first\"><label><input type=\"checkbox\" name=\"checkbox-427[]\" value=\"Ja\" \/><span class=\"wpcf7-list-item-label\">Ja<\/span><\/label><\/span><span class=\"wpcf7-list-item last\"><label><input type=\"checkbox\" name=\"checkbox-427[]\" value=\"nein\" \/><span class=\"wpcf7-list-item-label\">nein<\/span><\/label><\/span><\/span><\/span>\n<\/p>\n<p>Betreuung notwendig von:<br \/>\n<span class=\"wpcf7-form-control-wrap\" data-name=\"text-863\"><input size=\"40\" maxlength=\"400\" class=\"wpcf7-form-control wpcf7-text wpcf7-validates-as-required\" aria-required=\"true\" aria-invalid=\"false\" placeholder=\"Datum der Anreise\" value=\"\" type=\"text\" name=\"text-863\" \/><\/span>bis <span class=\"wpcf7-form-control-wrap\" data-name=\"text-864\"><input size=\"40\" maxlength=\"400\" class=\"wpcf7-form-control wpcf7-text wpcf7-validates-as-required\" aria-required=\"true\" aria-invalid=\"false\" placeholder=\"Datum der Abreise\" value=\"\" type=\"text\" name=\"text-864\" \/><\/span>\n<\/p>\n<p>Ihre Nachricht\n<\/p>\n<p><span class=\"wpcf7-form-control-wrap\" data-name=\"your-message\"><textarea cols=\"40\" rows=\"10\" maxlength=\"2000\" class=\"wpcf7-form-control wpcf7-textarea\" aria-invalid=\"false\" name=\"your-message\"><\/textarea><\/span>\n<\/p>\n<p><span class=\"wpcf7-form-control-wrap\" data-name=\"acceptance-108\"><span class=\"wpcf7-form-control wpcf7-acceptance\"><span class=\"wpcf7-list-item\"><label><input type=\"checkbox\" name=\"acceptance-108\" value=\"1\" aria-invalid=\"false\" \/><span class=\"wpcf7-list-item-label\">Ich stimme der Verarbeitung meiner personenbezogenen Daten gem\u00e4\u00df DSGVO zu. Wird nicht zugestimmt, wird Ihre Nachricht nicht abgesandt.<\/span><\/label><\/span><\/span><\/span>\n<\/p>\n<p><input type=\"hidden\" name=\"_wpcf7_captcha_challenge_captcha-163\" value=\"765365953\" \/><img loading=\"lazy\" decoding=\"async\" class=\"wpcf7-form-control wpcf7-captchac wpcf7-captcha-captcha-163\" width=\"72\" height=\"24\" alt=\"captcha\" src=\"https:\/\/www.trimmsalon-chalkidis.de\/wp-content\/uploads\/wpcf7_captcha\/765365953.png\" \/><span class=\"wpcf7-form-control-wrap\" data-name=\"captcha-163\"><input size=\"40\" class=\"wpcf7-form-control wpcf7-captchar\" autocomplete=\"off\" aria-invalid=\"false\" value=\"\" type=\"text\" name=\"captcha-163\" \/><\/span>\n<\/p>\n<p><input class=\"wpcf7-form-control wpcf7-submit has-spinner\" type=\"submit\" value=\"Senden\" \/>\n<\/p><div class=\"wpcf7-response-output\" aria-hidden=\"true\"><\/div>\n<\/form>\n<\/div>\n<\/div>\n","protected":false},"excerpt":{"rendered":"<p>Liebe Kunden, Bitte beachten, ab 1.1.2026 gilt unser neuer All inclusive Preis von 15\u20ac \/Tier\/Tag. Das nachfolgende online Anmeldeformular nur f\u00fcr eine verbindliche Buchung in der Katzen- und Kleintierpension ausf\u00fcllen. \u00a0Sie erhalten eine Best\u00e4tigungsemail. Bitte beachten Sie bei der Buchung: &hellip; <a href=\"https:\/\/www.trimmsalon-chalkidis.de\/?page_id=2677\">Weiterlesen <span class=\"meta-nav\">&rarr;<\/span><\/a><\/p>\n","protected":false},"author":2,"featured_media":0,"parent":103,"menu_order":1,"comment_status":"closed","ping_status":"closed","template":"","meta":{"footnotes":""},"class_list":["post-2677","page","type-page","status-publish","hentry"],"_links":{"self":[{"href":"https:\/\/www.trimmsalon-chalkidis.de\/index.php?rest_route=\/wp\/v2\/pages\/2677","targetHints":{"allow":["GET"]}}],"collection":[{"href":"https:\/\/www.trimmsalon-chalkidis.de\/index.php?rest_route=\/wp\/v2\/pages"}],"about":[{"href":"https:\/\/www.trimmsalon-chalkidis.de\/index.php?rest_route=\/wp\/v2\/types\/page"}],"author":[{"embeddable":true,"href":"https:\/\/www.trimmsalon-chalkidis.de\/index.php?rest_route=\/wp\/v2\/users\/2"}],"replies":[{"embeddable":true,"href":"https:\/\/www.trimmsalon-chalkidis.de\/index.php?rest_route=%2Fwp%2Fv2%2Fcomments&post=2677"}],"version-history":[{"count":6,"href":"https:\/\/www.trimmsalon-chalkidis.de\/index.php?rest_route=\/wp\/v2\/pages\/2677\/revisions"}],"predecessor-version":[{"id":4442,"href":"https:\/\/www.trimmsalon-chalkidis.de\/index.php?rest_route=\/wp\/v2\/pages\/2677\/revisions\/4442"}],"up":[{"embeddable":true,"href":"https:\/\/www.trimmsalon-chalkidis.de\/index.php?rest_route=\/wp\/v2\/pages\/103"}],"wp:attachment":[{"href":"https:\/\/www.trimmsalon-chalkidis.de\/index.php?rest_route=%2Fwp%2Fv2%2Fmedia&parent=2677"}],"curies":[{"name":"wp","href":"https:\/\/api.w.org\/{rel}","templated":true}]}}