{"id":2655,"date":"2021-10-12T17:09:31","date_gmt":"2021-10-12T15:09:31","guid":{"rendered":"https:\/\/www.trimmsalon-chalkidis.de\/?page_id=2655"},"modified":"2026-02-27T17:11:23","modified_gmt":"2026-02-27T15:11:23","slug":"preise","status":"publish","type":"page","link":"https:\/\/www.trimmsalon-chalkidis.de\/?page_id=2655","title":{"rendered":"Preise"},"content":{"rendered":"\n<p><strong>Preis Katzenpension<\/strong> <br><strong>15,00\u20ac\/Tag\/Tier<\/strong>\u00a0<strong>ab 1.1.2026 All inclusive Preis<\/strong><br><\/p>\n\n\n\n<p>Inclusive beinhaltet Nassfutter, Trockenfutter, t\u00e4glich frisches Wasser, Katzenstreu, Spielzeug, Medikamentengabe bei \u00e4rztlicher Anordnung, Webcamnutzung kostenlos (falls im gebuchten Zimmer techn. verf\u00fcgbar), Heizkostenzuschlag entf\u00e4llt, Umbuchung kostenlos, Endreinigungszuschlag entf\u00e4llt<\/p>\n\n\n\n<p><strong>Preise kleine Haustiere<\/strong> ab 6\u20ac \/Tag\/Tier (V\u00f6gel, Hasen, Meerschweinchen, Hamster, M\u00e4use, Ratten usw. im eigenen K\u00e4fig)<\/p>\n\n\n\n<p><strong>Hinweis:<\/strong> Vorkasse, Bezahlung per \u00dcberweisung oder Bar bei der Abgabe der Tiere<br>&nbsp; keine EC Kartenzahlung m\u00f6glich<br>&nbsp; Unvorhersehbare tier\u00e4rztliche Dienstleistungen sind bei Abholung zu bezahlen<\/p>\n\n\n\n<p><strong>Bearbeitung von Pensionsbuchungen<\/strong><br>Ihre online Anmeldung wird innerhalb von 3-4 Werktagen bearbeitet<br>R\u00fcckantwort per eMail, im Anhang ihre Rechnung f\u00fcr den Pensionsaufenthalt.<br>Wir erwarten eine Anzahlung in H\u00f6he von 25% der Pensionskosten, mindestens jedoch 20\u20ac. Der Restbetrag ist am Anreisetag f\u00e4llig.&nbsp;<br><br>Umbuchungen und Stornierungen schriftlich unter <a href=\"mailto:trimmsalon@live.de\">trimmsalon@live.de<\/a><br>Bei Stornierungen verf\u00e4llt die Anzahlung in H\u00f6he von 25%. &nbsp;<br>Befindet sich ihr Tier in der Pension und wird fr\u00fcher als gebucht abgeholt, werden keine Pensionskosten zur\u00fcckerstattet.<br><\/p>\n\n\n\n<p><br><\/p>\n","protected":false},"excerpt":{"rendered":"<p>Preis Katzenpension 15,00\u20ac\/Tag\/Tier\u00a0ab 1.1.2026 All inclusive Preis Inclusive beinhaltet Nassfutter, Trockenfutter, t\u00e4glich frisches Wasser, Katzenstreu, Spielzeug, Medikamentengabe bei \u00e4rztlicher Anordnung, Webcamnutzung kostenlos (falls im gebuchten Zimmer techn. verf\u00fcgbar), Heizkostenzuschlag entf\u00e4llt, Umbuchung kostenlos, Endreinigungszuschlag entf\u00e4llt Preise kleine Haustiere ab 6\u20ac \/Tag\/Tier &hellip; <a href=\"https:\/\/www.trimmsalon-chalkidis.de\/?page_id=2655\">Weiterlesen <span class=\"meta-nav\">&rarr;<\/span><\/a><\/p>\n","protected":false},"author":2,"featured_media":0,"parent":103,"menu_order":0,"comment_status":"closed","ping_status":"closed","template":"","meta":{"footnotes":""},"class_list":["post-2655","page","type-page","status-publish","hentry"],"_links":{"self":[{"href":"https:\/\/www.trimmsalon-chalkidis.de\/index.php?rest_route=\/wp\/v2\/pages\/2655","targetHints":{"allow":["GET"]}}],"collection":[{"href":"https:\/\/www.trimmsalon-chalkidis.de\/index.php?rest_route=\/wp\/v2\/pages"}],"about":[{"href":"https:\/\/www.trimmsalon-chalkidis.de\/index.php?rest_route=\/wp\/v2\/types\/page"}],"author":[{"embeddable":true,"href":"https:\/\/www.trimmsalon-chalkidis.de\/index.php?rest_route=\/wp\/v2\/users\/2"}],"replies":[{"embeddable":true,"href":"https:\/\/www.trimmsalon-chalkidis.de\/index.php?rest_route=%2Fwp%2Fv2%2Fcomments&post=2655"}],"version-history":[{"count":23,"href":"https:\/\/www.trimmsalon-chalkidis.de\/index.php?rest_route=\/wp\/v2\/pages\/2655\/revisions"}],"predecessor-version":[{"id":4383,"href":"https:\/\/www.trimmsalon-chalkidis.de\/index.php?rest_route=\/wp\/v2\/pages\/2655\/revisions\/4383"}],"up":[{"embeddable":true,"href":"https:\/\/www.trimmsalon-chalkidis.de\/index.php?rest_route=\/wp\/v2\/pages\/103"}],"wp:attachment":[{"href":"https:\/\/www.trimmsalon-chalkidis.de\/index.php?rest_route=%2Fwp%2Fv2%2Fmedia&parent=2655"}],"curies":[{"name":"wp","href":"https:\/\/api.w.org\/{rel}","templated":true}]}}