{"id":2597,"date":"2021-10-12T15:54:52","date_gmt":"2021-10-12T13:54:52","guid":{"rendered":"https:\/\/www.trimmsalon-chalkidis.de\/?page_id=2597"},"modified":"2025-11-03T22:55:50","modified_gmt":"2025-11-03T20:55:50","slug":"medizinische-aufnahmebedingungen-check-in-ablauf","status":"publish","type":"page","link":"https:\/\/www.trimmsalon-chalkidis.de\/?page_id=2597","title":{"rendered":"Medizinische Aufnahmebedingungen-Check In Ablauf"},"content":{"rendered":"\n<p>Wir freuen uns, den Urlaub f\u00fcr Ihr Tier gestalten zu d\u00fcrfen. Danke dass Sie uns gew\u00e4hlt haben. Die Gesundheit aller Tiere in unserer Pension liegt uns am Herzen. Hygiene ist f\u00fcr uns nicht nur ein Wort. Das Zusammentreffen von mehreren Tieren, egal wo auch immer, beinhaltet automatisch ein erh\u00f6htes Risiko mit Krankheitserregern in Kontakt zu kommen. Wie sch\u00fctze ich meine Katze vor ansteckenden Krankheiten?<\/p>\n\n\n\n<p><strong>Wenn Ihnen die Gesundheit ihrer Katze am Herzen liegt, dann stellen die folgenden vorbeugenden Ma\u00dfnahmen f\u00fcr Sie kein Problem dar, sondern sind die Voraussetzung f\u00fcr einen fr\u00f6hlichen, turbulenten und gesunden Katzenalltag.<\/strong><\/p>\n\n\n\n<p><strong>Ein g\u00fcltiger Impfschutz ist notwendig<\/strong>. Katzenschnupfen, Katzenseuche, Tollwut, (RCP-T oder CVR-T).<br>Impfung&nbsp;<strong>sp\u00e4testens 4 Wochen vor Abgabe&nbsp;<\/strong>in die Katzenpension.<br>Impfbuch bitte mitbringen&nbsp;<\/p>\n\n\n\n<p><strong>Ein Flohschutz ist notwendig.<br><\/strong>Dieser darf&nbsp;<strong>nicht \u00e4lter als 3 Monate&nbsp;<\/strong>sein,<br>bitte den Nachweis vom Tierarzt, oder Kaufbeleg mitbringen.&nbsp;<\/p>\n\n\n\n<p><strong>Ein Entwurmungsnachweis ist notwendig&nbsp;<\/strong>( wird vom Tierarzt ausgestellt).<br>Darf&nbsp;<strong>nicht \u00e4lter als 6 Monate&nbsp;<\/strong>und&nbsp;<strong>nicht k\u00fcrzer als 2 Wochen&nbsp;<\/strong>vor Abgabe in die Pension sein, bitte den Nachweis vom Tierarzt oder Kaufbeleg mitbringen.&nbsp;<\/p>\n\n\n\n<p class=\"has-text-color\" style=\"color:#e90730\"><strong>Bitte beachten Sie die Notwendigkeit der Impfung, der &nbsp;Entwurmung und des Flohschutzes. Diese Bestimmungen gelten f\u00fcr alle Katzen, egal ob Freig\u00e4nger oder Wohnungskatze. &nbsp;Nur wenn Ihr Tier diese Voraussetzungen erf\u00fcllt, nehmen wir Ihr Tier in die Pension !<\/strong><\/p>\n\n\n\n<p>Was bringe ich am Abgabetag mit?<\/p>\n\n\n\n<ul class=\"wp-block-list\">\n<li>Nat\u00fcrlich ihre Katze oder Ihren Kater<\/li>\n\n\n\n<li>Impfausweis und Nachweisen zu Flohschutz und dem Nachweis zur Entwurmung<\/li>\n\n\n\n<li>Futter k\u00f6nnen sie mitgeben,<strong>&nbsp;Medikamente,<\/strong>&nbsp;<strong>Spezialfutter<\/strong>(z.B. Nierenfutter usw.)<strong>&nbsp;m\u00fcssen<\/strong>&nbsp;sie in ausreichender Menge mitgeben<\/li>\n\n\n\n<li>Spielzeug, Decke oder Kuschelkissen k\u00f6nnen sie mitgeben<\/li>\n<\/ul>\n\n\n\n<p>Alles weitere (wie zum Beispiel Fre\u00dfgewohnheiten, Tierarzt, Medikamentengabe, Besonderheiten und Haftungsausschlu\u00df) wird in dem zu schlie\u00dfenden j\u00e4hrlichen Tierbetreuungsvertrag geregelt.<\/p>\n\n\n\n<p>Wir freuen uns, ihren Vierbeiner zu verw\u00f6hnen. Danke f\u00fcr Ihr Vertrauen.<\/p>\n\n\n\n<p class=\"has-medium-font-size\"><strong><a href=\"https:\/\/www.trimmsalon-chalkidis.de\/wp-content\/uploads\/Merkblatt-Katzen-und-Kleintierpension-2026.pdf\" data-type=\"page\" data-id=\"2920\" target=\"_blank\" rel=\"noreferrer noopener\">Merkblatt f\u00fcr Katzenpension und Kleintierpension<\/a><\/strong><\/p>\n","protected":false},"excerpt":{"rendered":"<p>Wir freuen uns, den Urlaub f\u00fcr Ihr Tier gestalten zu d\u00fcrfen. Danke dass Sie uns gew\u00e4hlt haben. Die Gesundheit aller Tiere in unserer Pension liegt uns am Herzen. Hygiene ist f\u00fcr uns nicht nur ein Wort. Das Zusammentreffen von mehreren &hellip; <a href=\"https:\/\/www.trimmsalon-chalkidis.de\/?page_id=2597\">Weiterlesen <span class=\"meta-nav\">&rarr;<\/span><\/a><\/p>\n","protected":false},"author":2,"featured_media":0,"parent":103,"menu_order":0,"comment_status":"closed","ping_status":"closed","template":"","meta":{"footnotes":""},"class_list":["post-2597","page","type-page","status-publish","hentry"],"_links":{"self":[{"href":"https:\/\/www.trimmsalon-chalkidis.de\/index.php?rest_route=\/wp\/v2\/pages\/2597","targetHints":{"allow":["GET"]}}],"collection":[{"href":"https:\/\/www.trimmsalon-chalkidis.de\/index.php?rest_route=\/wp\/v2\/pages"}],"about":[{"href":"https:\/\/www.trimmsalon-chalkidis.de\/index.php?rest_route=\/wp\/v2\/types\/page"}],"author":[{"embeddable":true,"href":"https:\/\/www.trimmsalon-chalkidis.de\/index.php?rest_route=\/wp\/v2\/users\/2"}],"replies":[{"embeddable":true,"href":"https:\/\/www.trimmsalon-chalkidis.de\/index.php?rest_route=%2Fwp%2Fv2%2Fcomments&post=2597"}],"version-history":[{"count":8,"href":"https:\/\/www.trimmsalon-chalkidis.de\/index.php?rest_route=\/wp\/v2\/pages\/2597\/revisions"}],"predecessor-version":[{"id":4216,"href":"https:\/\/www.trimmsalon-chalkidis.de\/index.php?rest_route=\/wp\/v2\/pages\/2597\/revisions\/4216"}],"up":[{"embeddable":true,"href":"https:\/\/www.trimmsalon-chalkidis.de\/index.php?rest_route=\/wp\/v2\/pages\/103"}],"wp:attachment":[{"href":"https:\/\/www.trimmsalon-chalkidis.de\/index.php?rest_route=%2Fwp%2Fv2%2Fmedia&parent=2597"}],"curies":[{"name":"wp","href":"https:\/\/api.w.org\/{rel}","templated":true}]}}