{"id":2588,"date":"2021-10-12T14:58:36","date_gmt":"2021-10-12T12:58:36","guid":{"rendered":"https:\/\/www.trimmsalon-chalkidis.de\/?page_id=2588"},"modified":"2026-05-05T19:11:48","modified_gmt":"2026-05-05T17:11:48","slug":"aktuelles-buchungen","status":"publish","type":"page","link":"https:\/\/www.trimmsalon-chalkidis.de\/?page_id=2588","title":{"rendered":"\/ Aktuelles \/ Buchungen \/"},"content":{"rendered":"\n<p class=\"has-white-color has-text-color has-background has-link-color wp-elements-0d83262c97eed594e6f07acc50f063ed\" style=\"background-color:#eb0a0a\"><strong>All inclusive Preis ab 1.1.2026 in der Katzenpension<\/strong> <br><strong>15,00\u20ac\/Tag\/Tier<\/strong>&nbsp;<br>All inclusive beinhaltet Nassfutter, Trockenfutter, t\u00e4glich frisches Wasser, Katzenstreu, Spielzeug, Medikamentengabe bei \u00e4rztlicher Anordnung, Webcamnutzung kostenlos (falls im gebuchten Zimmer techn. verf\u00fcgbar), Heizkostenzuschlag entf\u00e4llt, Umbuchung kostenlos, Endreinigungszuschlag entf\u00e4llt.<\/p>\n\n\n\n<p class=\"has-white-background-color has-text-color has-background has-link-color has-medium-font-size wp-elements-2fd157313d8f34162c22276a4e2741c4\" style=\"color:#f20e0e\"><strong>NEU !!!   LIVE-Webcam in verschiedenen  Katzenzimmern <\/strong><\/p>\n\n\n\n<div class=\"wp-block-media-text alignwide is-stacked-on-mobile is-vertically-aligned-top\" style=\"grid-template-columns:34% auto\" id=\"block-1cac53ca-92ca-4b9a-a342-cba62ff18597\"><figure class=\"wp-block-media-text__media\"><img loading=\"lazy\" decoding=\"async\" width=\"768\" height=\"1024\" src=\"https:\/\/www.trimmsalon-chalkidis.de\/wp-content\/uploads\/IMG_9697-768x1024.jpeg\" alt=\"\" class=\"wp-image-3527 size-full\" srcset=\"https:\/\/www.trimmsalon-chalkidis.de\/wp-content\/uploads\/IMG_9697-768x1024.jpeg 768w, https:\/\/www.trimmsalon-chalkidis.de\/wp-content\/uploads\/IMG_9697-225x300.jpeg 225w, https:\/\/www.trimmsalon-chalkidis.de\/wp-content\/uploads\/IMG_9697-1152x1536.jpeg 1152w, https:\/\/www.trimmsalon-chalkidis.de\/wp-content\/uploads\/IMG_9697-1536x2048.jpeg 1536w, https:\/\/www.trimmsalon-chalkidis.de\/wp-content\/uploads\/IMG_9697-scaled.jpeg 1920w\" sizes=\"auto, (max-width: 768px) 100vw, 768px\" \/><\/figure><div class=\"wp-block-media-text__content\">\n<p class=\"has-text-color has-link-color has-medium-font-size wp-elements-04aeb9cf3f3b8f7222bc658924e00ff6\" style=\"color:#f60707\"><strong>Bitte bei der Buchung beachten, folgende Zeitr\u00e4ume sind derzeit ausgebucht:<\/strong><\/p>\n\n\n\n<p class=\"has-text-color has-link-color has-medium-font-size wp-elements-70ba60cf5f53cc2067dbd2d22a6411ee\" style=\"color:#f6020b\">20.08.2026 bis 13.09.2026<\/p>\n\n\n\n<p class=\"has-text-color has-link-color has-medium-font-size wp-elements-b5a461d0c27f614cfb03b2e79be62ff5\" style=\"color:#ee0a0a\">10.10.21026 bis 27.10.2026<\/p>\n<\/div><\/div>\n\n\n\n<p><strong>Bearbeitung der Pensionsbuchungen:<\/strong><\/p>\n\n\n\n<p>Ihre online Anmeldung wird innerhalb von 3-4 Werktagen bearbeitet. R\u00fcckantwort erfolgt per eMail, im Anhang dieser ist ihre Rechnung f\u00fcr den Pensionsaufenthalt. Wir erwarten eine Anzahlung in H\u00f6he von 25% der Pensionskosten, mindestens jedoch 20\u20ac. Der Restbetrag ist am Anreisetag f\u00e4llig.<\/p>\n\n\n\n<p>Umbuchungen und Stornierungen schriftlich unter &nbsp; &nbsp; &nbsp;&nbsp;<a target=\"_blank\" rel=\"noreferrer noopener\">trimmsalon@live.de<\/a> <\/p>\n\n\n\n<p>Bei Stornierungen verf\u00e4llt die Anzahlung in H\u00f6he von 25% der Pensionskosten. Befindet sich ihr Tier in der Pension werden keine Pensionskosten zur\u00fcckerstattet.<\/p>\n\n\n\n<p class=\"has-small-font-size\"><strong>F\u00fcr R\u00fcckfragen erreichen sie uns unter Telefon: 03378 802941 oder 0172 3990350 oder&nbsp;<a>trimmsalon@live.de<\/a><\/strong><\/p>\n\n\n\n<p class=\"has-white-color has-text-color has-background has-link-color has-medium-font-size wp-elements-7f6e9a6e8fecaa513c4446cf190dca53\" style=\"background-color:#3408eb\"><a href=\"https:\/\/www.trimmsalon-chalkidis.de\/?page_id=2677\" data-type=\"page\" data-id=\"2677\"><strong>Online Anmeldung zur Katzen- und Kleintierpension<\/strong><\/a><\/p>\n","protected":false},"excerpt":{"rendered":"<p>All inclusive Preis ab 1.1.2026 in der Katzenpension 15,00\u20ac\/Tag\/Tier&nbsp;All inclusive beinhaltet Nassfutter, Trockenfutter, t\u00e4glich frisches Wasser, Katzenstreu, Spielzeug, Medikamentengabe bei \u00e4rztlicher Anordnung, Webcamnutzung kostenlos (falls im gebuchten Zimmer techn. verf\u00fcgbar), Heizkostenzuschlag entf\u00e4llt, Umbuchung kostenlos, Endreinigungszuschlag entf\u00e4llt. NEU !!! LIVE-Webcam in &hellip; <a href=\"https:\/\/www.trimmsalon-chalkidis.de\/?page_id=2588\">Weiterlesen <span class=\"meta-nav\">&rarr;<\/span><\/a><\/p>\n","protected":false},"author":2,"featured_media":0,"parent":103,"menu_order":-1,"comment_status":"closed","ping_status":"closed","template":"","meta":{"footnotes":""},"class_list":["post-2588","page","type-page","status-publish","hentry"],"_links":{"self":[{"href":"https:\/\/www.trimmsalon-chalkidis.de\/index.php?rest_route=\/wp\/v2\/pages\/2588","targetHints":{"allow":["GET"]}}],"collection":[{"href":"https:\/\/www.trimmsalon-chalkidis.de\/index.php?rest_route=\/wp\/v2\/pages"}],"about":[{"href":"https:\/\/www.trimmsalon-chalkidis.de\/index.php?rest_route=\/wp\/v2\/types\/page"}],"author":[{"embeddable":true,"href":"https:\/\/www.trimmsalon-chalkidis.de\/index.php?rest_route=\/wp\/v2\/users\/2"}],"replies":[{"embeddable":true,"href":"https:\/\/www.trimmsalon-chalkidis.de\/index.php?rest_route=%2Fwp%2Fv2%2Fcomments&post=2588"}],"version-history":[{"count":109,"href":"https:\/\/www.trimmsalon-chalkidis.de\/index.php?rest_route=\/wp\/v2\/pages\/2588\/revisions"}],"predecessor-version":[{"id":4446,"href":"https:\/\/www.trimmsalon-chalkidis.de\/index.php?rest_route=\/wp\/v2\/pages\/2588\/revisions\/4446"}],"up":[{"embeddable":true,"href":"https:\/\/www.trimmsalon-chalkidis.de\/index.php?rest_route=\/wp\/v2\/pages\/103"}],"wp:attachment":[{"href":"https:\/\/www.trimmsalon-chalkidis.de\/index.php?rest_route=%2Fwp%2Fv2%2Fmedia&parent=2588"}],"curies":[{"name":"wp","href":"https:\/\/api.w.org\/{rel}","templated":true}]}}