{"id":1755,"date":"2017-06-01T17:17:15","date_gmt":"2017-06-01T15:17:15","guid":{"rendered":"http:\/\/www.trimmsalon-chalkidis.de\/?page_id=1755"},"modified":"2024-12-03T01:43:40","modified_gmt":"2024-12-02T23:43:40","slug":"seminar-kreatives-styling-von-hundekoepfen","status":"publish","type":"page","link":"https:\/\/www.trimmsalon-chalkidis.de\/?page_id=1755","title":{"rendered":"Seminar Kreatives Styling von Hundek\u00f6pfen"},"content":{"rendered":"\n<p class=\"has-text-align-left\"><strong>Groomerschule Chalkidis &nbsp;<\/strong>zertifizierte Aesculap Groomerschule &nbsp; &nbsp; &nbsp; &nbsp; &nbsp; &nbsp; &nbsp; &nbsp; &nbsp; &nbsp; &nbsp; &nbsp; &nbsp; &nbsp;Diplom Nash Academy of Animal Art, Lexington Kentucky, USA<\/p>\n\n\n\n<p class=\"has-text-align-center\"><strong>Einladung zum Seminar-Workshop<\/strong><\/p>\n\n\n\n<p class=\"has-text-align-center\"><strong>&nbsp;Kreatives Styling von Hundek\u00f6pfen<\/strong><\/p>\n\n\n\n<p class=\"has-text-align-center\"><strong>in 14974 Ludwigsfelde, Werrastra\u00dfe 13<\/strong><\/p>\n\n\n\n<p class=\"has-text-align-center\"><strong>mit Teilnahmebest\u00e4tigung\/Urkunde<\/strong><\/p>\n\n\n\n<p class=\"has-text-align-center\">Unsere Seminare und Workshops<strong> <\/strong>f\u00fchren wir in der Regel Samstags ab 10 Uhr durch. Besonders kleine Teilnehmerzahlen (bereits ab 1 Person) haben zur Folge, das die Seminare\/Workshops individuell, intensiv und effektiv sind.<\/p>\n\n\n\n<p class=\"has-text-align-center\"><strong>Preis: &nbsp; &nbsp;499\u20ac \/Person<\/strong><\/p>\n\n\n\n<p class=\"has-text-align-center has-large-font-size\"><a href=\"https:\/\/www.trimmsalon-chalkidis.de\/?page_id=2559\u2197\"><strong>Anmeldung online<\/strong><\/a><\/p>\n\n\n\n<p><span style=\"color: #000000;\">Zu diesem Workshop bringen sie einen Hund ihrer Wahl mit, an welchem sie das Kopfstyling gezeigt haben m\u00f6chten. Egal ob Rassehund oder Mischling.<\/span><\/p>\n\n\n\n<p><span style=\"color: #000000;\">Wenn sie keinen speziellen Hund mitbringen k\u00f6nnen oder m\u00f6chten, werden ihnen verschiedene Stylingsarten von K\u00f6pfen anschaulich mittels Powerpoint Animation pr\u00e4sentiert.<\/span><\/p>\n\n\n\n<p><span style=\"color: #000000;\">Im Preis inclusive sind eine kleine Auswahl an Kaffee und Getr\u00e4nken. Sie erhalten 10 % Rabatt auf alle Produkte die sie an diesem Tag kaufen.<\/span><\/p>\n\n\n\n<p><strong>Empfohlen:<\/strong><\/p>\n\n\n\n<ul class=\"wp-block-list\">\n<li>Dieser Workshop wird empfohlen f\u00fcr alle die professionelles Styling am Hund kennen lernen m\u00f6chten, bzw. ihre Kenntnisse, F\u00e4higkeiten und Fertigkeiten in der Profilarbeit und Symmetrie von Hundek\u00f6pfen verbessern m\u00f6chten.<\/li>\n\n\n\n<li>F\u00fcr Groomer, die ihre Arbeit im eigenen Salon perfektionieren, ihr Wissen vervollst\u00e4ndigen oder auffrischen m\u00f6chten.<\/li>\n<\/ul>\n\n\n\n<p><strong>Inhalt:<\/strong><\/p>\n\n\n\n<ul class=\"wp-block-list\">\n<li>Vorbereiten des Kopfes, Augen und Ohren<\/li>\n\n\n\n<li>Festlegung des optimalen Kopfprofils<\/li>\n\n\n\n<li>&nbsp;Efilieren des Oberkopfes<\/li>\n\n\n\n<li>Auswirkung von verschiedenen Bartl\u00e4ngen auf das Erscheinungsbild<\/li>\n\n\n\n<li>Korrektur von Contouren<\/li>\n\n\n\n<li>optimale L\u00e4nge der Beh\u00e4nge an den Ohren<\/li>\n\n\n\n<li>Arbeit mit Felll\u00e4nge, Fellqualit\u00e4t und Fehlerkorrektur am Hund<\/li>\n\n\n\n<li>Aufzeigen von Profil- und Basislinien<\/li>\n\n\n\n<li>Harmonische Conturen und richtige Symmetrie herstellen<\/li>\n\n\n\n<li>Darstellung von Kreativformen wie Teddyb\u00e4renschnitt, Asia-style<\/li>\n\n\n\n<li>Darstellung von Rassehund Kopfformen<\/li>\n<\/ul>\n\n\n\n<p><strong>Dauer des Workshops:<\/strong>&nbsp; ca. 3-4 Stunden. Wir werden in dem Workshop alle ihre Fragen individuell beantworten. Kleine Auswahl an Kaffee und Getr\u00e4nken.<\/p>\n","protected":false},"excerpt":{"rendered":"<p>Groomerschule Chalkidis &nbsp;zertifizierte Aesculap Groomerschule &nbsp; &nbsp; &nbsp; &nbsp; &nbsp; &nbsp; &nbsp; &nbsp; &nbsp; &nbsp; &nbsp; &nbsp; &nbsp; &nbsp;Diplom Nash Academy of Animal Art, Lexington Kentucky, USA Einladung zum Seminar-Workshop &nbsp;Kreatives Styling von Hundek\u00f6pfen in 14974 Ludwigsfelde, Werrastra\u00dfe 13 mit &hellip; <a href=\"https:\/\/www.trimmsalon-chalkidis.de\/?page_id=1755\">Weiterlesen <span class=\"meta-nav\">&rarr;<\/span><\/a><\/p>\n","protected":false},"author":2,"featured_media":0,"parent":1739,"menu_order":7,"comment_status":"closed","ping_status":"closed","template":"","meta":{"footnotes":""},"class_list":["post-1755","page","type-page","status-publish","hentry"],"_links":{"self":[{"href":"https:\/\/www.trimmsalon-chalkidis.de\/index.php?rest_route=\/wp\/v2\/pages\/1755","targetHints":{"allow":["GET"]}}],"collection":[{"href":"https:\/\/www.trimmsalon-chalkidis.de\/index.php?rest_route=\/wp\/v2\/pages"}],"about":[{"href":"https:\/\/www.trimmsalon-chalkidis.de\/index.php?rest_route=\/wp\/v2\/types\/page"}],"author":[{"embeddable":true,"href":"https:\/\/www.trimmsalon-chalkidis.de\/index.php?rest_route=\/wp\/v2\/users\/2"}],"replies":[{"embeddable":true,"href":"https:\/\/www.trimmsalon-chalkidis.de\/index.php?rest_route=%2Fwp%2Fv2%2Fcomments&post=1755"}],"version-history":[{"count":3,"href":"https:\/\/www.trimmsalon-chalkidis.de\/index.php?rest_route=\/wp\/v2\/pages\/1755\/revisions"}],"predecessor-version":[{"id":3687,"href":"https:\/\/www.trimmsalon-chalkidis.de\/index.php?rest_route=\/wp\/v2\/pages\/1755\/revisions\/3687"}],"up":[{"embeddable":true,"href":"https:\/\/www.trimmsalon-chalkidis.de\/index.php?rest_route=\/wp\/v2\/pages\/1739"}],"wp:attachment":[{"href":"https:\/\/www.trimmsalon-chalkidis.de\/index.php?rest_route=%2Fwp%2Fv2%2Fmedia&parent=1755"}],"curies":[{"name":"wp","href":"https:\/\/api.w.org\/{rel}","templated":true}]}}