{"id":1744,"date":"2017-06-01T17:02:27","date_gmt":"2017-06-01T15:02:27","guid":{"rendered":"http:\/\/www.trimmsalon-chalkidis.de\/?page_id=1744"},"modified":"2024-12-03T01:44:10","modified_gmt":"2024-12-02T23:44:10","slug":"schleifenseminar","status":"publish","type":"page","link":"https:\/\/www.trimmsalon-chalkidis.de\/?page_id=1744","title":{"rendered":"Schleifenseminar"},"content":{"rendered":"\n<p class=\"has-text-align-left\"><strong>Groomerschule Chalkidis &nbsp;<\/strong>zertifizierte Aesculap Groomerschule &nbsp; &nbsp; &nbsp; &nbsp; &nbsp; &nbsp; &nbsp; &nbsp; &nbsp; &nbsp; &nbsp; &nbsp; &nbsp; &nbsp;Diplom Nash Academy of Animal Art, Lexington Kentucky, USA<\/p>\n\n\n\n<p class=\"has-text-align-center\"><strong>Einladung zum&nbsp;<\/strong><\/p>\n\n\n\n<p class=\"has-text-align-center\"><strong>&nbsp;Schleifenseminar<\/strong><\/p>\n\n\n\n<p class=\"has-text-align-center\"><strong>in 14974 Ludwigsfelde, Werrastra\u00dfe 13<\/strong><\/p>\n\n\n\n<p class=\"has-text-align-center\"><strong>mit Teilnahmebest\u00e4tigung\/Urkunde<\/strong><\/p>\n\n\n\n<p class=\"has-text-align-center\">Unsere Seminare und Workshops<strong> <\/strong>f\u00fchren wir in der Regel Samstags ab 10 Uhr durch. Besonders kleine Teilnehmerzahlen (bereits ab 1 Person) haben zur Folge, das die Seminare\/Workshops individuell, intensiv und effektiv sind.<\/p>\n\n\n\n<p class=\"has-text-align-center\"><strong>Preis: &nbsp; 199\u20ac \/Person<\/strong><\/p>\n\n\n\n<p class=\"has-text-align-center has-large-font-size\"><a href=\"https:\/\/www.trimmsalon-chalkidis.de\/?page_id=2559\u2197\"><strong>Anmeldung online<\/strong><\/a><\/p>\n\n\n\n<p><span style=\"color: #000000;\">In diesem Seminar-Workshop ist ein Hund nicht zwingend notwendig. Wir zeigen ihnen kreative Ideen f\u00fcr Hundehaar-Schleifen.<\/span><\/p>\n\n\n\n<p><span style=\"color: #000000;\">Im Preis inclusive sind alle B\u00e4nder und Deko-Utensilien, welche zur Herstellung von kreativen Schleifen ben\u00f6tigt werden. Wir halten f\u00fcr sie eine kleine Auswahl an Kaffee und Getr\u00e4nken bereit.&nbsp;<\/span><\/p>\n\n\n\n<p><strong>Empfohlen:<\/strong><\/p>\n\n\n\n<ul class=\"wp-block-list\">\n<li>Dieses Seminar- Workshop wird empfohlen f\u00fcr alle, die kreatives Styling mit individuell selbst gefertigten Schleifen am Hund kennen lernen m\u00f6chten. Vorkenntnisse nicht n\u00f6tig.<\/li>\n\n\n\n<li>F\u00fcr Groomer, die ihre Arbeit im eigenen Salon perfektionieren, ihr Wissen vervollst\u00e4ndigen oder auffrischen m\u00f6chten.<\/li>\n\n\n\n<li><\/li>\n<\/ul>\n\n\n\n<p><strong>Inhalt:<\/strong><\/p>\n\n\n\n<ul class=\"wp-block-list\">\n<li>Vorschl\u00e4ge f\u00fcr Schleifen<\/li>\n\n\n\n<li>Herstellungsanleitung f\u00fcr Schleifen<\/li>\n\n\n\n<li>Arbeitsmaterialien inclusive<\/li>\n<\/ul>\n\n\n\n<p><strong>Dauer des Workshops:<\/strong>&nbsp; ca. 2 Stunde. Wir werden in dem Workshop alle ihre Fragen individuell beantworten. Kleine Auswahl an Kaffee und Getr\u00e4nken.<\/p>\n","protected":false},"excerpt":{"rendered":"<p>Groomerschule Chalkidis &nbsp;zertifizierte Aesculap Groomerschule &nbsp; &nbsp; &nbsp; &nbsp; &nbsp; &nbsp; &nbsp; &nbsp; &nbsp; &nbsp; &nbsp; &nbsp; &nbsp; &nbsp;Diplom Nash Academy of Animal Art, Lexington Kentucky, USA Einladung zum&nbsp; &nbsp;Schleifenseminar in 14974 Ludwigsfelde, Werrastra\u00dfe 13 mit Teilnahmebest\u00e4tigung\/Urkunde Unsere Seminare und &hellip; <a href=\"https:\/\/www.trimmsalon-chalkidis.de\/?page_id=1744\">Weiterlesen <span class=\"meta-nav\">&rarr;<\/span><\/a><\/p>\n","protected":false},"author":2,"featured_media":0,"parent":1739,"menu_order":8,"comment_status":"closed","ping_status":"closed","template":"","meta":{"footnotes":""},"class_list":["post-1744","page","type-page","status-publish","hentry"],"_links":{"self":[{"href":"https:\/\/www.trimmsalon-chalkidis.de\/index.php?rest_route=\/wp\/v2\/pages\/1744","targetHints":{"allow":["GET"]}}],"collection":[{"href":"https:\/\/www.trimmsalon-chalkidis.de\/index.php?rest_route=\/wp\/v2\/pages"}],"about":[{"href":"https:\/\/www.trimmsalon-chalkidis.de\/index.php?rest_route=\/wp\/v2\/types\/page"}],"author":[{"embeddable":true,"href":"https:\/\/www.trimmsalon-chalkidis.de\/index.php?rest_route=\/wp\/v2\/users\/2"}],"replies":[{"embeddable":true,"href":"https:\/\/www.trimmsalon-chalkidis.de\/index.php?rest_route=%2Fwp%2Fv2%2Fcomments&post=1744"}],"version-history":[{"count":6,"href":"https:\/\/www.trimmsalon-chalkidis.de\/index.php?rest_route=\/wp\/v2\/pages\/1744\/revisions"}],"predecessor-version":[{"id":3688,"href":"https:\/\/www.trimmsalon-chalkidis.de\/index.php?rest_route=\/wp\/v2\/pages\/1744\/revisions\/3688"}],"up":[{"embeddable":true,"href":"https:\/\/www.trimmsalon-chalkidis.de\/index.php?rest_route=\/wp\/v2\/pages\/1739"}],"wp:attachment":[{"href":"https:\/\/www.trimmsalon-chalkidis.de\/index.php?rest_route=%2Fwp%2Fv2%2Fmedia&parent=1744"}],"curies":[{"name":"wp","href":"https:\/\/api.w.org\/{rel}","templated":true}]}}