{"id":1739,"date":"2017-06-01T16:54:11","date_gmt":"2017-06-01T14:54:11","guid":{"rendered":"http:\/\/www.trimmsalon-chalkidis.de\/?page_id=1739"},"modified":"2026-02-19T14:43:43","modified_gmt":"2026-02-19T12:43:43","slug":"seminare-workshop","status":"publish","type":"page","link":"https:\/\/www.trimmsalon-chalkidis.de\/?page_id=1739","title":{"rendered":"Seminare &#038; Workshop"},"content":{"rendered":"\n<p>Wir bieten Ihnen unterschiedliche Seminare und Workshops an, die sie entsprechend ihren W\u00fcnschen, Anforderungen, Vorraussetzungen, F\u00e4higkeiten und Fertigkeiten ausw\u00e4hlen k\u00f6nnen.<\/p>\n\n\n\n<p><strong>Ab November 2026 bieten wir Ihnen neue individuelle Seminare zur Fellpflege an. Schauen sie einfach rein in unsere neuen Seminar Angebote <\/strong><\/p>\n\n\n<p><iframe src=\"https:\/\/www.google.com\/maps\/embed?pb=!1m18!1m12!1m3!1d2439.0593740348554!2d13.2391968!3d52.314925099999996!2m3!1f0!2f0!3f0!3m2!1i1024!2i768!4f13.1!3m3!1m2!1s0x416538069f16c3d5%3A0xdf040982f40179c2!2sTrimmsalon%20%26%20Groomerschule%20Chalkidis%20%2F%20Hunde-%20und%20Katzenpflege%2C%20Katzenpension!5e0!3m2!1sde!2sde!4v1733155236657!5m2!1sde!2sde\" width=\"600\" height=\"450\" style=\"border:0;\" allowfullscreen=\"\" loading=\"lazy\" referrerpolicy=\"no-referrer-when-downgrade\"><\/iframe><\/p>","protected":false},"excerpt":{"rendered":"<p>Wir bieten Ihnen unterschiedliche Seminare und Workshops an, die sie entsprechend ihren W\u00fcnschen, Anforderungen, Vorraussetzungen, F\u00e4higkeiten und Fertigkeiten ausw\u00e4hlen k\u00f6nnen. Ab November 2026 bieten wir Ihnen neue individuelle Seminare zur Fellpflege an. Schauen sie einfach rein in unsere neuen Seminar &hellip; <a href=\"https:\/\/www.trimmsalon-chalkidis.de\/?page_id=1739\">Weiterlesen <span class=\"meta-nav\">&rarr;<\/span><\/a><\/p>\n","protected":false},"author":2,"featured_media":0,"parent":1090,"menu_order":2,"comment_status":"closed","ping_status":"closed","template":"","meta":{"footnotes":""},"class_list":["post-1739","page","type-page","status-publish","hentry"],"_links":{"self":[{"href":"https:\/\/www.trimmsalon-chalkidis.de\/index.php?rest_route=\/wp\/v2\/pages\/1739","targetHints":{"allow":["GET"]}}],"collection":[{"href":"https:\/\/www.trimmsalon-chalkidis.de\/index.php?rest_route=\/wp\/v2\/pages"}],"about":[{"href":"https:\/\/www.trimmsalon-chalkidis.de\/index.php?rest_route=\/wp\/v2\/types\/page"}],"author":[{"embeddable":true,"href":"https:\/\/www.trimmsalon-chalkidis.de\/index.php?rest_route=\/wp\/v2\/users\/2"}],"replies":[{"embeddable":true,"href":"https:\/\/www.trimmsalon-chalkidis.de\/index.php?rest_route=%2Fwp%2Fv2%2Fcomments&post=1739"}],"version-history":[{"count":6,"href":"https:\/\/www.trimmsalon-chalkidis.de\/index.php?rest_route=\/wp\/v2\/pages\/1739\/revisions"}],"predecessor-version":[{"id":4364,"href":"https:\/\/www.trimmsalon-chalkidis.de\/index.php?rest_route=\/wp\/v2\/pages\/1739\/revisions\/4364"}],"up":[{"embeddable":true,"href":"https:\/\/www.trimmsalon-chalkidis.de\/index.php?rest_route=\/wp\/v2\/pages\/1090"}],"wp:attachment":[{"href":"https:\/\/www.trimmsalon-chalkidis.de\/index.php?rest_route=%2Fwp%2Fv2%2Fmedia&parent=1739"}],"curies":[{"name":"wp","href":"https:\/\/api.w.org\/{rel}","templated":true}]}}