{"id":1483,"date":"2015-12-12T00:18:52","date_gmt":"2015-12-11T22:18:52","guid":{"rendered":"http:\/\/www.trimmsalon-chalkidis.de\/?page_id=1483"},"modified":"2024-12-03T01:40:52","modified_gmt":"2024-12-02T23:40:52","slug":"workshop-trimmen-von-rauhaarigen-hunden","status":"publish","type":"page","link":"https:\/\/www.trimmsalon-chalkidis.de\/?page_id=1483","title":{"rendered":"Workshop &#8211; Trimmen von Double Coat rauhaariger Hunde"},"content":{"rendered":"\n<p class=\"has-text-align-left\"><strong>Groomerschule Chalkidis &nbsp;<\/strong>zertifizierte Aesculap Groomerschule &nbsp; &nbsp; &nbsp; &nbsp; &nbsp; &nbsp; &nbsp; &nbsp; &nbsp; &nbsp; &nbsp; &nbsp; &nbsp; &nbsp;Diplom Nash Academy of Animal Art, Lexington Kentucky, USA<\/p>\n\n\n\n<p class=\"has-text-align-center\"><strong>Einladung zum&nbsp;<\/strong><\/p>\n\n\n\n<p class=\"has-text-align-center\"><strong>Workshop &#8211; Trimmen von Double Coat rauhaariger Hunde<\/strong><\/p>\n\n\n\n<p class=\"has-text-align-center\"><strong>in 14974 Ludwigsfelde, Werrastra\u00dfe 13 &nbsp;mit Teilnahmebest\u00e4tigung\/Urkunde<\/strong><\/p>\n\n\n\n<p class=\"has-text-align-center\">Unsere Seminare und Workshops<strong> <\/strong>f\u00fchren wir in der Regel Samstags ab 10 Uhr durch. Besonders kleine Teilnehmerzahlen (bereits ab 1 Person) haben zur Folge, das die Seminare\/Workshops individuell, intensiv und effektiv sind.<\/p>\n\n\n\n<p class=\"has-text-align-center\"><strong>Preis: &nbsp; &nbsp;499\u20ac \/Person<\/strong><\/p>\n\n\n\n<p class=\"has-text-align-center has-large-font-size\"><a href=\"https:\/\/www.trimmsalon-chalkidis.de\/?page_id=2559\u2197\"><strong>Anmeldung online<\/strong><\/a><\/p>\n\n\n\n<p class=\"has-text-align-center\"><strong>mitzubringen ist einen Hund ihrer Wahl&nbsp;und sein Pflegewerkzeug.<\/strong><\/p>\n\n\n\n<p class=\"has-text-align-center\"><strong>Interessierte Teilnehmer ohne Hund oder Zuschauer sind &nbsp;gern gesehen, diese zahlen ebenfalls 499\u20ac\/Person.<\/strong><\/p>\n\n\n\n<p><strong>Empfohlen:<\/strong><\/p>\n\n\n\n<ul class=\"wp-block-list\">\n<li>Dieses Seminar wird empfohlen f\u00fcr Hundebesitzer deren Hund ein Double Coat rauhaarig oder Double Coat Soft hat und die ihr Tier zwischen zwei Besuchen im Hundesalon selbst zurecht machen m\u00f6chten<\/li>\n\n\n\n<li>F\u00fcr Groomer, die ihre Arbeit im eigenen Salon perfektionieren, ihr Wissen vervollst\u00e4ndigen oder auffrischen m\u00f6chten.<\/li>\n\n\n\n<li><\/li>\n<\/ul>\n\n\n\n<p><strong>Inhalt:<\/strong><\/p>\n\n\n\n<ul class=\"wp-block-list\">\n<li>Fellanalyse<\/li>\n\n\n\n<li>Vorstellung der unterschiedlichsten Trimmwerkzeuge<\/li>\n\n\n\n<li>Wann kann getrimmt werden<\/li>\n\n\n\n<li>Erkl\u00e4rung von Rolling Coat, Zeitmanagement<\/li>\n\n\n\n<li>Erkl\u00e4rung warum trimmen gesundheitlich notwendig ist und nicht weh tut<\/li>\n\n\n\n<li>Aufzeigen von Profilen und Basislinien<\/li>\n\n\n\n<li>Trimmen von Unterfell<\/li>\n\n\n\n<li>Trimmen von Deckhaar<\/li>\n\n\n\n<li>Demonstration und praktische Anwendung am Vierbeiner<\/li>\n<\/ul>\n\n\n\n<p><strong>Dauer des Workshops:<\/strong>&nbsp; ca. 3 bis 4 Stunden &nbsp; &nbsp; &nbsp; &nbsp; &nbsp; &nbsp; &nbsp; &nbsp; &nbsp; &nbsp; &nbsp; &nbsp; &nbsp; &nbsp; &nbsp; &nbsp; &nbsp; &nbsp; &nbsp; &nbsp; &nbsp; &nbsp; &nbsp; &nbsp; &nbsp; &nbsp; &nbsp; &nbsp; &nbsp; &nbsp; &nbsp; &nbsp; &nbsp; &nbsp; &nbsp; &nbsp; Wir werden in dem Workshop alle ihre Fragen individuell beantworten. Kleine Auswahl an Kaffee und Getr\u00e4nken.<\/p>\n","protected":false},"excerpt":{"rendered":"<p>Groomerschule Chalkidis &nbsp;zertifizierte Aesculap Groomerschule &nbsp; &nbsp; &nbsp; &nbsp; &nbsp; &nbsp; &nbsp; &nbsp; &nbsp; &nbsp; &nbsp; &nbsp; &nbsp; &nbsp;Diplom Nash Academy of Animal Art, Lexington Kentucky, USA Einladung zum&nbsp; Workshop &#8211; Trimmen von Double Coat rauhaariger Hunde in 14974 Ludwigsfelde, &hellip; <a href=\"https:\/\/www.trimmsalon-chalkidis.de\/?page_id=1483\">Weiterlesen <span class=\"meta-nav\">&rarr;<\/span><\/a><\/p>\n","protected":false},"author":2,"featured_media":0,"parent":1739,"menu_order":3,"comment_status":"closed","ping_status":"closed","template":"","meta":{"footnotes":""},"class_list":["post-1483","page","type-page","status-publish","hentry"],"_links":{"self":[{"href":"https:\/\/www.trimmsalon-chalkidis.de\/index.php?rest_route=\/wp\/v2\/pages\/1483","targetHints":{"allow":["GET"]}}],"collection":[{"href":"https:\/\/www.trimmsalon-chalkidis.de\/index.php?rest_route=\/wp\/v2\/pages"}],"about":[{"href":"https:\/\/www.trimmsalon-chalkidis.de\/index.php?rest_route=\/wp\/v2\/types\/page"}],"author":[{"embeddable":true,"href":"https:\/\/www.trimmsalon-chalkidis.de\/index.php?rest_route=\/wp\/v2\/users\/2"}],"replies":[{"embeddable":true,"href":"https:\/\/www.trimmsalon-chalkidis.de\/index.php?rest_route=%2Fwp%2Fv2%2Fcomments&post=1483"}],"version-history":[{"count":3,"href":"https:\/\/www.trimmsalon-chalkidis.de\/index.php?rest_route=\/wp\/v2\/pages\/1483\/revisions"}],"predecessor-version":[{"id":3683,"href":"https:\/\/www.trimmsalon-chalkidis.de\/index.php?rest_route=\/wp\/v2\/pages\/1483\/revisions\/3683"}],"up":[{"embeddable":true,"href":"https:\/\/www.trimmsalon-chalkidis.de\/index.php?rest_route=\/wp\/v2\/pages\/1739"}],"wp:attachment":[{"href":"https:\/\/www.trimmsalon-chalkidis.de\/index.php?rest_route=%2Fwp%2Fv2%2Fmedia&parent=1483"}],"curies":[{"name":"wp","href":"https:\/\/api.w.org\/{rel}","templated":true}]}}