{"id":1458,"date":"2015-12-11T23:08:22","date_gmt":"2015-12-11T21:08:22","guid":{"rendered":"http:\/\/www.trimmsalon-chalkidis.de\/?page_id=1458"},"modified":"2024-12-03T01:41:35","modified_gmt":"2024-12-02T23:41:35","slug":"seminar-ultraschall-zahnsteinentfernung-ohne-narkose","status":"publish","type":"page","link":"https:\/\/www.trimmsalon-chalkidis.de\/?page_id=1458","title":{"rendered":"Seminar &#8211; Ultraschall Zahnsteinentfernung ohne Narkose"},"content":{"rendered":"\n<p class=\"has-text-align-left\"><strong>Groomerschule Chalkidis &nbsp;<\/strong>zertifizierte Aesculap Groomerschule &nbsp; &nbsp; &nbsp; &nbsp; &nbsp; &nbsp; &nbsp; &nbsp; &nbsp; &nbsp; &nbsp; &nbsp; &nbsp; &nbsp;Diplom Nash Academy of Animal Art, Lexington Kentucky, USA<\/p>\n\n\n\n<p class=\"has-text-align-center\"><strong>Einladung zum&nbsp;<\/strong><\/p>\n\n\n\n<p class=\"has-text-align-left\"><strong>Seminar Maulhygiene &#8211; Ultraschall Zahnsteinentfernung ohne Narkose &nbsp; &nbsp; &nbsp; &nbsp; &nbsp; &nbsp; &nbsp; &nbsp;&nbsp;<\/strong><strong>in 14974 Ludwigsfelde, Werrastra\u00dfe 13 &nbsp;mit Teilnahmebest\u00e4tigung\/Urkunde<\/strong><\/p>\n\n\n\n<p class=\"has-text-align-center\">Unsere Seminare und Workshops<strong> <\/strong>f\u00fchren wir in der Regel Samstags ab 10 Uhr durch. Besonders kleine Teilnehmerzahlen (bereits ab 1 Person) haben zur Folge, das die Seminare\/Workshops individuell, intensiv und effektiv sind.<\/p>\n\n\n\n<p class=\"has-text-align-center\"><strong>Preis: &nbsp; &nbsp;199\u20ac\/Person&nbsp;<\/strong><\/p>\n\n\n\n<p class=\"has-text-align-center has-large-font-size\"><a href=\"https:\/\/www.trimmsalon-chalkidis.de\/?page_id=2559\u2197\"><strong>Anmeldung online<\/strong><\/a><\/p>\n\n\n\n<p><strong>Empfohlen:<\/strong><\/p>\n\n\n\n<ul class=\"wp-block-list\">\n<li>Dieses Seminar wird empfohlen f\u00fcr Hunde- und Katzenbesitzer<\/li>\n\n\n\n<li>Sie sind interessiert an der Wirkungsweise und Durchf\u00fchrung einer Zahnsteinentfernung am Vierbeiner ohne Narkose.<\/li>\n\n\n\n<li>Entscheidungshilfe f\u00fcr den Kauf einer 10ner Karte zur Durchf\u00fchrung der Maulhygiene &nbsp;an ihrem Vierbeiner durch den Trimmsalon Chalkidis<\/li>\n\n\n\n<li>Entscheidungshilfe f\u00fcr den Kauf einer eigenen Emmi-Pet Ultraschallzahnb\u00fcrste<\/li>\n\n\n\n<li>F\u00fcr Groomer, die ihre Arbeit im eigenen Salon perfektionieren, ihr Wissen vervollst\u00e4ndigen oder auffrischen m\u00f6chten.<\/li>\n\n\n\n<li><\/li>\n<\/ul>\n\n\n\n<p><strong>Inhalt:<\/strong><\/p>\n\n\n\n<ul class=\"wp-block-list\">\n<li>Was bedeutet Maulhygiene f\u00fcr mein Tier<\/li>\n\n\n\n<li>Vorstellung der einzigen Ultraschallzahnb\u00fcrste f\u00fcr Tiere von Emmi Pet<\/li>\n\n\n\n<li>Erkl\u00e4rung der Wirkweise und Handhabung der Ultraschallzahnb\u00fcrste zur Zahnsteinentfernung ohne Narkose<\/li>\n\n\n\n<li>Demonstration und praktische Anwendung der Ultraschallzahnb\u00fcrste am Vierbeiner<\/li>\n<\/ul>\n\n\n\n<p><strong>M\u00f6glichkeit:<\/strong><\/p>\n\n\n\n<ul class=\"wp-block-list\">\n<li>Bestellung bzw. Kauf einer eigenen Ultraschallzahnb\u00fcrste vor Ort<\/li>\n\n\n\n<li>Kauf einer 10ner Karte zur Durchf\u00fchrung der Maulhygiene bei ihrem Vierbeiner durch den Trimmsalon Chalkidis<\/li>\n<\/ul>\n\n\n\n<p><strong>Dauer des Workshops:<\/strong>&nbsp; ca. 2 Stunde. Wir werden in dem Seminar alle ihre Fragen individuell beantworten. Kleine Auswahl an Kaffee und Getr\u00e4nken.<\/p>\n","protected":false},"excerpt":{"rendered":"<p>Groomerschule Chalkidis &nbsp;zertifizierte Aesculap Groomerschule &nbsp; &nbsp; &nbsp; &nbsp; &nbsp; &nbsp; &nbsp; &nbsp; &nbsp; &nbsp; &nbsp; &nbsp; &nbsp; &nbsp;Diplom Nash Academy of Animal Art, Lexington Kentucky, USA Einladung zum&nbsp; Seminar Maulhygiene &#8211; Ultraschall Zahnsteinentfernung ohne Narkose &nbsp; &nbsp; &nbsp; &nbsp; &hellip; <a href=\"https:\/\/www.trimmsalon-chalkidis.de\/?page_id=1458\">Weiterlesen <span class=\"meta-nav\">&rarr;<\/span><\/a><\/p>\n","protected":false},"author":2,"featured_media":0,"parent":1739,"menu_order":4,"comment_status":"closed","ping_status":"closed","template":"","meta":{"footnotes":""},"class_list":["post-1458","page","type-page","status-publish","hentry"],"_links":{"self":[{"href":"https:\/\/www.trimmsalon-chalkidis.de\/index.php?rest_route=\/wp\/v2\/pages\/1458","targetHints":{"allow":["GET"]}}],"collection":[{"href":"https:\/\/www.trimmsalon-chalkidis.de\/index.php?rest_route=\/wp\/v2\/pages"}],"about":[{"href":"https:\/\/www.trimmsalon-chalkidis.de\/index.php?rest_route=\/wp\/v2\/types\/page"}],"author":[{"embeddable":true,"href":"https:\/\/www.trimmsalon-chalkidis.de\/index.php?rest_route=\/wp\/v2\/users\/2"}],"replies":[{"embeddable":true,"href":"https:\/\/www.trimmsalon-chalkidis.de\/index.php?rest_route=%2Fwp%2Fv2%2Fcomments&post=1458"}],"version-history":[{"count":3,"href":"https:\/\/www.trimmsalon-chalkidis.de\/index.php?rest_route=\/wp\/v2\/pages\/1458\/revisions"}],"predecessor-version":[{"id":3684,"href":"https:\/\/www.trimmsalon-chalkidis.de\/index.php?rest_route=\/wp\/v2\/pages\/1458\/revisions\/3684"}],"up":[{"embeddable":true,"href":"https:\/\/www.trimmsalon-chalkidis.de\/index.php?rest_route=\/wp\/v2\/pages\/1739"}],"wp:attachment":[{"href":"https:\/\/www.trimmsalon-chalkidis.de\/index.php?rest_route=%2Fwp%2Fv2%2Fmedia&parent=1458"}],"curies":[{"name":"wp","href":"https:\/\/api.w.org\/{rel}","templated":true}]}}