{"id":1365,"date":"2015-11-05T13:29:24","date_gmt":"2015-11-05T11:29:24","guid":{"rendered":"http:\/\/www.trimmsalon-chalkidis.de\/?page_id=1365"},"modified":"2024-12-03T01:40:10","modified_gmt":"2024-12-02T23:40:10","slug":"workshop-buerstenseminarfilzentfernung","status":"publish","type":"page","link":"https:\/\/www.trimmsalon-chalkidis.de\/?page_id=1365","title":{"rendered":"Workshop &#8211; B\u00fcrstenseminar\/Filzentfernung"},"content":{"rendered":"\n<p class=\"has-text-align-left\"><strong>&nbsp;Groomerschule Chalkidis &nbsp;<\/strong>zertifizierte Aesculap Groomerschule &nbsp; &nbsp; &nbsp; &nbsp; &nbsp; &nbsp; &nbsp; &nbsp; &nbsp; &nbsp; &nbsp; &nbsp; &nbsp; &nbsp;Diplom Nash Academy of Animal Art, Lexington Kentucky, USA<\/p>\n\n\n\n<p class=\"has-text-align-center\"><strong>Einladung zum<\/strong><strong>&nbsp;<\/strong><\/p>\n\n\n\n<p class=\"has-text-align-center\"><strong>B\u00fcrstenseminar\/Filzentfernung in Ludwigsfelde, Werrastra\u00dfe 13,&nbsp;<\/strong><strong>mit Teilnahmebest\u00e4tigung\/Urkunde<\/strong><\/p>\n\n\n\n<p class=\"has-text-align-center\">Unsere Seminare und Workshops<strong> <\/strong>f\u00fchren wir in der Regel Samstags ab 10 Uhr durch. Besonders kleine Teilnehmerzahlen (bereits ab 1 Person) haben zur Folge, das die Seminare\/Workshops individuell, intensiv und effektiv sind.<\/p>\n\n\n\n<p class=\"has-text-align-center\"><strong>Preis: 299\u20ac\/Person<\/strong><\/p>\n\n\n\n<p class=\"has-text-align-center has-large-font-size\"><a href=\"https:\/\/www.trimmsalon-chalkidis.de\/?page_id=2559\u2197\"><strong>Anmeldung online<\/strong><\/a><\/p>\n\n\n\n<p class=\"has-text-align-center\"><strong>mitzubringen ist einen Hund ihrer Wahl&nbsp;und sein Pflegewerkzeug<\/strong><\/p>\n\n\n\n<p><strong>Empfohlen:<\/strong><\/p>\n\n\n\n<ul class=\"wp-block-list\">\n<li>Dieser Workshop wird empfohlen f\u00fcr Besitzer mit Junghunden, &nbsp;Senioren und Hunden im normales Alter, Mischlinge oder Rassehunde mit mittlerem und langem Fell<\/li>\n\n\n\n<li>empfehlenswert im Fr\u00fchjahr und im Herbst, in diesen Zeitr\u00e4umen entstehen die meisten Probleme bei der Fellpflege, bis hin zu Entstehung von Filzen und Knoten. K\u00e4mmen wird zum Problem<\/li>\n<\/ul>\n\n\n\n<p><strong>Inhalt:<\/strong><\/p>\n\n\n\n<ul class=\"wp-block-list\">\n<li>Fellanalyse, Feststellung Pflegezustand<\/li>\n\n\n\n<li>Feststellung der Fellstruktur<\/li>\n\n\n\n<li>Vorstellung von Pflegeprodukten &amp; Shampoo, die Fell- und Haut n\u00e4hren und pflegen<\/li>\n\n\n\n<li>B\u00fcrstentechnik, effektiv, zeitsparend und reizarm f\u00fcr den Vierbeiner<\/li>\n\n\n\n<li>B\u00fcrstenseminar- welche B\u00fcrste f\u00fcr welche Fellstruktur und Pflegezustand<\/li>\n\n\n\n<li>Vorstellung von Werkzeug zur Verhinderung von Filzen und Kn\u00f6tchen<\/li>\n\n\n\n<li>Vorstellung einer praktischen Entfilzungstechnik<\/li>\n\n\n\n<li>Werkzeugkunde individuell &#8211; &nbsp;sie bringen das komplette Werkzeug, welches sie zur Fellpflege ihres Hundes benutzen mit. Der Profi sagt ihnen ob sie das Richtige f\u00fcr die Fellstruktur ihres Hundes benutzen<\/li>\n\n\n\n<li>Aufzeigen von Probleml\u00f6sungen<\/li>\n<\/ul>\n\n\n\n<p><strong>Dauer des Workshops:<\/strong><\/p>\n\n\n\n<p>ca. 3 Stunden.&nbsp;Wir werden in dem Workshop alle ihre Fragen individuell beantworten.<strong><span style=\"color: #ff0000;\">&nbsp; <\/span><\/strong>Kleine Auswahl an Kaffee und Getr\u00e4nken.<\/p>\n","protected":false},"excerpt":{"rendered":"<p>&nbsp;Groomerschule Chalkidis &nbsp;zertifizierte Aesculap Groomerschule &nbsp; &nbsp; &nbsp; &nbsp; &nbsp; &nbsp; &nbsp; &nbsp; &nbsp; &nbsp; &nbsp; &nbsp; &nbsp; &nbsp;Diplom Nash Academy of Animal Art, Lexington Kentucky, USA Einladung zum&nbsp; B\u00fcrstenseminar\/Filzentfernung in Ludwigsfelde, Werrastra\u00dfe 13,&nbsp;mit Teilnahmebest\u00e4tigung\/Urkunde Unsere Seminare und Workshops f\u00fchren &hellip; <a href=\"https:\/\/www.trimmsalon-chalkidis.de\/?page_id=1365\">Weiterlesen <span class=\"meta-nav\">&rarr;<\/span><\/a><\/p>\n","protected":false},"author":2,"featured_media":0,"parent":1739,"menu_order":2,"comment_status":"closed","ping_status":"closed","template":"","meta":{"footnotes":""},"class_list":["post-1365","page","type-page","status-publish","hentry"],"_links":{"self":[{"href":"https:\/\/www.trimmsalon-chalkidis.de\/index.php?rest_route=\/wp\/v2\/pages\/1365","targetHints":{"allow":["GET"]}}],"collection":[{"href":"https:\/\/www.trimmsalon-chalkidis.de\/index.php?rest_route=\/wp\/v2\/pages"}],"about":[{"href":"https:\/\/www.trimmsalon-chalkidis.de\/index.php?rest_route=\/wp\/v2\/types\/page"}],"author":[{"embeddable":true,"href":"https:\/\/www.trimmsalon-chalkidis.de\/index.php?rest_route=\/wp\/v2\/users\/2"}],"replies":[{"embeddable":true,"href":"https:\/\/www.trimmsalon-chalkidis.de\/index.php?rest_route=%2Fwp%2Fv2%2Fcomments&post=1365"}],"version-history":[{"count":7,"href":"https:\/\/www.trimmsalon-chalkidis.de\/index.php?rest_route=\/wp\/v2\/pages\/1365\/revisions"}],"predecessor-version":[{"id":3682,"href":"https:\/\/www.trimmsalon-chalkidis.de\/index.php?rest_route=\/wp\/v2\/pages\/1365\/revisions\/3682"}],"up":[{"embeddable":true,"href":"https:\/\/www.trimmsalon-chalkidis.de\/index.php?rest_route=\/wp\/v2\/pages\/1739"}],"wp:attachment":[{"href":"https:\/\/www.trimmsalon-chalkidis.de\/index.php?rest_route=%2Fwp%2Fv2%2Fmedia&parent=1365"}],"curies":[{"name":"wp","href":"https:\/\/api.w.org\/{rel}","templated":true}]}}