{"id":1276,"date":"2015-08-12T22:20:26","date_gmt":"2015-08-12T20:20:26","guid":{"rendered":"http:\/\/www.trimmsalon-chalkidis.de\/?page_id=1276"},"modified":"2026-02-19T14:11:20","modified_gmt":"2026-02-19T12:11:20","slug":"maulhygiene","status":"publish","type":"page","link":"https:\/\/www.trimmsalon-chalkidis.de\/?page_id=1276","title":{"rendered":"Maulhygiene"},"content":{"rendered":"\n<p class=\"has-text-align-center\"><strong>Unsere Dienstleistung f\u00fcr Ihren Hund<\/strong><\/p>\n\n\n\n<p class=\"has-text-align-center\"><\/p>\n\n\n\n<figure class=\"wp-block-embed is-type-video is-provider-youtube wp-block-embed-youtube wp-embed-aspect-4-3 wp-has-aspect-ratio\"><div class=\"wp-block-embed__wrapper\">\n<iframe loading=\"lazy\" title=\"Zahnsteinentfernung ohne Narkose, Emmi Pet\" width=\"584\" height=\"438\" src=\"https:\/\/www.youtube.com\/embed\/DbSdBkiay-E?feature=oembed\" frameborder=\"0\" allow=\"accelerometer; autoplay; clipboard-write; encrypted-media; gyroscope; picture-in-picture; web-share\" referrerpolicy=\"strict-origin-when-cross-origin\" allowfullscreen><\/iframe>\n<\/div><\/figure>\n\n\n\n<p class=\"has-text-align-center\"><a href=\"http:\/\/www.trimmsalon-chalkidis.de\/?attachment_id=1529\" rel=\"attachment wp-att-1529\"><br><\/a><\/p>\n\n\n<div class=\"wp-block-image\">\n<figure class=\"aligncenter\"><img loading=\"lazy\" decoding=\"async\" width=\"922\" height=\"768\" src=\"http:\/\/www.trimmsalon-chalkidis.de\/wp-content\/uploads\/2014\/11\/Emmi_Pet_661.jpg\" alt=\"Emmi_Pet_661\" class=\"wp-image-858\" srcset=\"https:\/\/www.trimmsalon-chalkidis.de\/wp-content\/uploads\/2014\/11\/Emmi_Pet_661.jpg 922w, https:\/\/www.trimmsalon-chalkidis.de\/wp-content\/uploads\/2014\/11\/Emmi_Pet_661-300x249.jpg 300w, https:\/\/www.trimmsalon-chalkidis.de\/wp-content\/uploads\/2014\/11\/Emmi_Pet_661-360x300.jpg 360w\" sizes=\"auto, (max-width: 922px) 100vw, 922px\" \/><\/figure>\n<\/div>\n\n\n<p><strong>Professionelle Zahnhygiene mit der weltweit ersten Ultraschall-Zahnb\u00fcrste f\u00fcr Tiere<\/strong><\/p>\n\n\n\n<ul class=\"wp-block-list\">\n<li>Zahnsteinentfernung ohne Narkose<\/li>\n\n\n\n<li>Bewegungslose, ger\u00e4uschlose und sanfte Zahnreinigung ohne b\u00fcrsten, ohne Druck<\/li>\n\n\n\n<li>Hilft Zahnfleischentz\u00fcndungen, Parodontitis, Zahnsteinbildung, Maulgeruch und Zahnverlust vorzubeugen<\/li>\n\n\n\n<li>wirkt bis zu 12 mm ins Zahnfleisch, reinigt Zahnfleischtaschen<\/li>\n<\/ul>\n\n\n<div class=\"wp-block-image\">\n<figure class=\"aligncenter\"><img loading=\"lazy\" decoding=\"async\" width=\"2953\" height=\"2017\" src=\"http:\/\/www.trimmsalon-chalkidis.de\/wp-content\/uploads\/2014\/11\/ED_Chip_Text_CMYK.jpg\" alt=\"ED_Chip_Text_CMYK\" class=\"wp-image-856\" srcset=\"https:\/\/www.trimmsalon-chalkidis.de\/wp-content\/uploads\/2014\/11\/ED_Chip_Text_CMYK.jpg 2953w, https:\/\/www.trimmsalon-chalkidis.de\/wp-content\/uploads\/2014\/11\/ED_Chip_Text_CMYK-300x204.jpg 300w, https:\/\/www.trimmsalon-chalkidis.de\/wp-content\/uploads\/2014\/11\/ED_Chip_Text_CMYK-1024x699.jpg 1024w, https:\/\/www.trimmsalon-chalkidis.de\/wp-content\/uploads\/2014\/11\/ED_Chip_Text_CMYK-439x300.jpg 439w\" sizes=\"auto, (max-width: 2953px) 100vw, 2953px\" \/><\/figure>\n<\/div>\n\n<div class=\"wp-block-image\">\n<figure class=\"aligncenter\"><img loading=\"lazy\" decoding=\"async\" width=\"960\" height=\"678\" src=\"http:\/\/www.trimmsalon-chalkidis.de\/wp-content\/uploads\/2014\/11\/Emmi-pet-vorher-nachher.jpg\" alt=\"Emmi-pet vorher nachher\" class=\"wp-image-854\" srcset=\"https:\/\/www.trimmsalon-chalkidis.de\/wp-content\/uploads\/2014\/11\/Emmi-pet-vorher-nachher.jpg 960w, https:\/\/www.trimmsalon-chalkidis.de\/wp-content\/uploads\/2014\/11\/Emmi-pet-vorher-nachher-300x211.jpg 300w, https:\/\/www.trimmsalon-chalkidis.de\/wp-content\/uploads\/2014\/11\/Emmi-pet-vorher-nachher-424x300.jpg 424w\" sizes=\"auto, (max-width: 960px) 100vw, 960px\" \/><\/figure>\n<\/div>\n\n\n<p>Gesunde Z\u00e4hne \u2013 Gesundes Tier, Emmi-pet wird von Tier\u00e4rzten empfohlen<\/p>\n\n\n\n<h6 class=\"wp-block-heading\"><span style=\"color: #ff0000;\"><strong>Unser Preisangebot:<\/strong><\/span><\/h6>\n\n\n\n<h6 class=\"wp-block-heading\"><span style=\"color: #ff0000;\"><strong>10 Behandlungen f\u00fcr 199,\u2013\u20ac<\/strong><\/span><\/h6>\n\n\n\n<h6 class=\"wp-block-heading\"><span style=\"color: #ff0000;\"><strong>mit eigenem Utraschallaufsatz und Ultraschallcreme f\u00fcr Tiere<\/strong><\/span><\/h6>\n","protected":false},"excerpt":{"rendered":"<p>Unsere Dienstleistung f\u00fcr Ihren Hund Professionelle Zahnhygiene mit der weltweit ersten Ultraschall-Zahnb\u00fcrste f\u00fcr Tiere Gesunde Z\u00e4hne \u2013 Gesundes Tier, Emmi-pet wird von Tier\u00e4rzten empfohlen Unser Preisangebot: 10 Behandlungen f\u00fcr 199,\u2013\u20ac mit eigenem Utraschallaufsatz und Ultraschallcreme f\u00fcr Tiere<\/p>\n","protected":false},"author":2,"featured_media":0,"parent":1111,"menu_order":0,"comment_status":"closed","ping_status":"closed","template":"","meta":{"footnotes":""},"class_list":["post-1276","page","type-page","status-publish","hentry"],"_links":{"self":[{"href":"https:\/\/www.trimmsalon-chalkidis.de\/index.php?rest_route=\/wp\/v2\/pages\/1276","targetHints":{"allow":["GET"]}}],"collection":[{"href":"https:\/\/www.trimmsalon-chalkidis.de\/index.php?rest_route=\/wp\/v2\/pages"}],"about":[{"href":"https:\/\/www.trimmsalon-chalkidis.de\/index.php?rest_route=\/wp\/v2\/types\/page"}],"author":[{"embeddable":true,"href":"https:\/\/www.trimmsalon-chalkidis.de\/index.php?rest_route=\/wp\/v2\/users\/2"}],"replies":[{"embeddable":true,"href":"https:\/\/www.trimmsalon-chalkidis.de\/index.php?rest_route=%2Fwp%2Fv2%2Fcomments&post=1276"}],"version-history":[{"count":6,"href":"https:\/\/www.trimmsalon-chalkidis.de\/index.php?rest_route=\/wp\/v2\/pages\/1276\/revisions"}],"predecessor-version":[{"id":4355,"href":"https:\/\/www.trimmsalon-chalkidis.de\/index.php?rest_route=\/wp\/v2\/pages\/1276\/revisions\/4355"}],"up":[{"embeddable":true,"href":"https:\/\/www.trimmsalon-chalkidis.de\/index.php?rest_route=\/wp\/v2\/pages\/1111"}],"wp:attachment":[{"href":"https:\/\/www.trimmsalon-chalkidis.de\/index.php?rest_route=%2Fwp%2Fv2%2Fmedia&parent=1276"}],"curies":[{"name":"wp","href":"https:\/\/api.w.org\/{rel}","templated":true}]}}