{"id":12,"date":"2012-07-02T23:37:59","date_gmt":"2012-07-02T21:37:59","guid":{"rendered":"http:\/\/www.trimmsalon-chalkidis.de\/?page_id=12"},"modified":"2015-08-18T16:59:01","modified_gmt":"2015-08-18T14:59:01","slug":"dienstleistungen","status":"publish","type":"page","link":"https:\/\/www.trimmsalon-chalkidis.de\/?page_id=12","title":{"rendered":"Dienstleistungen"},"content":{"rendered":"<p>In unserem Trimmsalon ist der vierbeinige Kunde K\u00f6nig. Sauberkeit im Laden und Desinfektion der Werkzeuge ist f\u00fcr uns als Profi\u00b4s selbstverst\u00e4ndlich. Der zweibeinige Kunde erh\u00e4lt kostenlos eine individuelle Beratung und kann danach entscheiden, welche Leistungen er f\u00fcr seinen Vierbeiner in Anspruch nehmen m\u00f6chte.<\/p>\n<p><span style=\"color: #000000;\">Vertrauen Sie unserer Erfahrung -Diplom Nash Academy of Animal Art. Wir machen <strong>Rassehunde <\/strong>aber auch <strong>Mischlinge<\/strong> im Rassestandard oder auch im Free-Style fein. Unsere erfolgreiche Teilnahme an Internationalen Scheremeisterschaften ist Ihr Vorteil.<\/span><\/p>\n<p><span style=\"color: #000000;\">Wir freuen uns auch den Katzen-Kunden in der Fellpflege hilfreich in Beratung und Ausf\u00fchrung zur Seite stehen zu k\u00f6nnen.\u00a0<\/span>Ein knotenfreies und gesundes Fell sind f\u00fcr Hunde und Katzen ein Mu\u00df f\u00fcr gute Laune.<\/p>\n<ul>\n<li style=\"text-align: left;\"><span style=\"color: #000000;\">Kostenlose Profilberatung<\/span><\/li>\n<li style=\"text-align: left;\"><span style=\"color: #000000;\">Baden mit einem Shampoo entsprechend der Fellstruktur<\/span><\/li>\n<li style=\"text-align: left;\"><span style=\"color: #000000;\">Spezialbad bei Hautproblemen<\/span><\/li>\n<li style=\"text-align: left;\"><span style=\"color: #000000;\">Conditioner<\/span><\/li>\n<li style=\"text-align: left;\"><span style=\"color: #000000;\">Relax-Massagen<\/span><\/li>\n<\/ul>\n<ul>\n<li><span style=\"color: #000000;\">K\u00e4mme, B\u00fcrsten<\/span><\/li>\n<li><span style=\"color: #000000;\">Filzentfernung<\/span><\/li>\n<li><span style=\"color: #000000;\">Scheren, Handschnitt<\/span><\/li>\n<li><span style=\"color: #000000;\">Trimmen, Handstrip, Plucking, Carding<\/span><\/li>\n<\/ul>\n<ul>\n<li>Professionelle Zahnhygiene mit Ultraschall-Zahnb\u00fcrste<\/li>\n<li>Zahnsteinentfernung ohne Narkose<\/li>\n<li><span style=\"color: #000000;\">\u00a0Augenpflege-Krusten entfernen<\/span><\/li>\n<li><span style=\"color: #000000;\">Genital- und Rektumspflege<\/span><\/li>\n<li><span style=\"color: #000000;\">Ohren s\u00e4ubern<\/span><\/li>\n<li><span style=\"color: #000000;\">Krallen schneiden<\/span><\/li>\n<li><span style=\"color: #000000;\">Pfotenschutz<\/span><\/li>\n<li><span style=\"color: #000000;\">Flohbehandlung<\/span><\/li>\n<li><span style=\"color: #000000;\">Zeckenentfernung<\/span><\/li>\n<li><span style=\"color: #000000;\">Kreide\/Parf\u00fcm<\/span><\/li>\n<\/ul>\n<p><span style=\"color: #000000;\">Der Kunde erh\u00e4lt (nach dem zweiten Besuch) eine Kundenkarte mit Foto vom Vierbeiner. Pflegetermine k\u00f6nnen frei vereinbart werden. Wir akzeptieren Barzahlung und EC-Kartenzahlung.<\/span><\/p>\n<p><span style=\"color: #000000;\"><strong>Wir freuen uns auf Ihren Kontakt und Besuch<\/strong><\/span><\/p>\n<p><span style=\"color: #000000;\">\u00a0<\/span><\/p>\n<p><span style=\"color: #000000;\">\u00a0<\/span><\/p>\n","protected":false},"excerpt":{"rendered":"<p>In unserem Trimmsalon ist der vierbeinige Kunde K\u00f6nig. Sauberkeit im Laden und Desinfektion der Werkzeuge ist f\u00fcr uns als Profi\u00b4s selbstverst\u00e4ndlich. Der zweibeinige Kunde erh\u00e4lt kostenlos eine individuelle Beratung und kann danach entscheiden, welche Leistungen er f\u00fcr seinen Vierbeiner in &hellip; <a href=\"https:\/\/www.trimmsalon-chalkidis.de\/?page_id=12\">Weiterlesen <span class=\"meta-nav\">&rarr;<\/span><\/a><\/p>\n","protected":false},"author":2,"featured_media":0,"parent":1111,"menu_order":0,"comment_status":"closed","ping_status":"closed","template":"","meta":{"footnotes":""},"class_list":["post-12","page","type-page","status-publish","hentry"],"_links":{"self":[{"href":"https:\/\/www.trimmsalon-chalkidis.de\/index.php?rest_route=\/wp\/v2\/pages\/12","targetHints":{"allow":["GET"]}}],"collection":[{"href":"https:\/\/www.trimmsalon-chalkidis.de\/index.php?rest_route=\/wp\/v2\/pages"}],"about":[{"href":"https:\/\/www.trimmsalon-chalkidis.de\/index.php?rest_route=\/wp\/v2\/types\/page"}],"author":[{"embeddable":true,"href":"https:\/\/www.trimmsalon-chalkidis.de\/index.php?rest_route=\/wp\/v2\/users\/2"}],"replies":[{"embeddable":true,"href":"https:\/\/www.trimmsalon-chalkidis.de\/index.php?rest_route=%2Fwp%2Fv2%2Fcomments&post=12"}],"version-history":[{"count":0,"href":"https:\/\/www.trimmsalon-chalkidis.de\/index.php?rest_route=\/wp\/v2\/pages\/12\/revisions"}],"up":[{"embeddable":true,"href":"https:\/\/www.trimmsalon-chalkidis.de\/index.php?rest_route=\/wp\/v2\/pages\/1111"}],"wp:attachment":[{"href":"https:\/\/www.trimmsalon-chalkidis.de\/index.php?rest_route=%2Fwp%2Fv2%2Fmedia&parent=12"}],"curies":[{"name":"wp","href":"https:\/\/api.w.org\/{rel}","templated":true}]}}