{"id":1111,"date":"2015-07-01T09:25:44","date_gmt":"2015-07-01T07:25:44","guid":{"rendered":"http:\/\/www.trimmsalon-chalkidis.de\/?page_id=1111"},"modified":"2024-12-02T18:30:48","modified_gmt":"2024-12-02T16:30:48","slug":"trimmsalon","status":"publish","type":"page","link":"https:\/\/www.trimmsalon-chalkidis.de\/?page_id=1111","title":{"rendered":"Trimmsalon &#8211;  professionelle Hunde- und Katzenpflege"},"content":{"rendered":"<div style=\"text-align: center;\"><strong>\u00a0<\/strong><\/div>\n<div>\u00a0<a href=\"http:\/\/www.trimmsalon-chalkidis.de\/?attachment_id=1420\" rel=\"attachment wp-att-1420\"><img loading=\"lazy\" decoding=\"async\" class=\"wp-image-1420 alignleft\" src=\"http:\/\/www.trimmsalon-chalkidis.de\/wp-content\/uploads\/Hund-frei.eps_-300x217.jpg\" alt=\"\" width=\"125\" height=\"92\" \/><\/a><\/div>\n<div style=\"text-align: center;\"><strong>seit 1995<\/strong><\/div>\n<div style=\"text-align: left;\"><strong>zertifizierte Aesculap Groomerschule<\/strong><\/div>\n<div style=\"text-align: left;\"><strong>Diplom Nash Academy of Animal Art, USA\u00a0<\/strong><\/div>\n<div><\/div>\n<div>\n<hr \/>\n<\/div>\n<div><\/div>\n<div style=\"text-align: center;\">\n<ul>\n<li style=\"text-align: justify;\"><span style=\"color: #0000ff;\"><strong>Professionelle Hunde- und Katzenpflege, alle Rassen<\/strong><\/span><\/li>\n<li style=\"text-align: justify;\"><span style=\"color: #0000ff;\"><strong>Zahnsteinentfernung und Maulhygiene mit Ultraschall<\/strong><\/span><\/li>\n<li style=\"text-align: justify;\"><span style=\"color: #0000ff;\"><strong>Individuelle Therapie bei Haut- und Haarproblemen<\/strong><\/span><\/li>\n<li style=\"text-align: justify;\"><span style=\"color: #0000ff;\"><strong>Verkauf von Hunde- und Katzenaccessoires<\/strong><\/span><\/li>\n<li style=\"text-align: justify;\"><span style=\"color: #0000ff;\"><strong>Katzenpension und Kleintierpension,\u00a0<a style=\"color: #0000ff;\" href=\"http:\/\/www.katzenpension-chalkidis.de\" target=\"_blank\" rel=\"noopener\">www.katzenpension-chalkidis.de<\/a><\/strong><\/span><\/li>\n<li style=\"text-align: justify;\"><span style=\"color: #0000ff;\"><strong>Groomerschule, Ausbildung, Seminare Workshop<\/strong><\/span><\/li>\n<\/ul>\n<h4 style=\"text-align: left;\">\u00a0<strong>Alle Termine nach Vereinbarung Telefon 03378 802941 oder 0172 3990350<\/strong><\/h4>\n<hr \/>\n<p>Preise:<\/p>\n<p>Wir bieten ihnen in unserem <a href=\"http:\/\/www.trimmsalon-chalkidis.de\/?page_id=110\" target=\"_blank\" rel=\"noopener\">Salon<\/a> gern einen Termin f\u00fcr eine kostenlose Beratung an. Hier sprechen wir \u00fcber ihre W\u00fcnsche f\u00fcr die Fellpflege und welche <a href=\"http:\/\/www.trimmsalon-chalkidis.de\/?page_id=12\" target=\"_blank\" rel=\"noopener\">Dienstleistungen<\/a> sie aus unserem Sortiment nutzen m\u00f6chten.<\/p>\n<p>Danach k\u00f6nnen wir ihnen den Preis f\u00fcr die Hunde- oder Katzenpflege \u00a0ihres Vierbeinern beziffern.<\/p>\n<p>Unsere Preise \u00a0richten sich nach dem notwendigen Arbeitsaufwand, \u00a0Zeitaufwand und den notwendigen Verbrauchsmaterialien &#8211; keine Festpreise f\u00fcr Rassehunde, Mischlinge oder Katzen.<\/p>\n<p style=\"text-align: center;\"><strong><span style=\"color: #ff0000;\">Wir bitten um ihr Verst\u00e4ndnis, <\/span><\/strong><\/p>\n<p style=\"text-align: left;\"><strong><span style=\"color: #ff0000;\">F\u00fcr Termine zur Fellpflege die nicht wahrgenommen und nicht rechtzeitig (24 Stunden vorher) abgesagt wurden, machen wir von unserem Recht Gebrauch Ihnen eine Entsch\u00e4digung in H\u00f6he von 30\u20ac Ausfallhonorar in Rechnung zu stellen, gem\u00e4\u00df \u00a7\u00a7615 \/ 280 BGB<\/span><\/strong><\/p>\n<h4 style=\"text-align: left;\"><\/h4>\n<\/div>\n\n\n<p><\/p>\n\n<iframe src=\"https:\/\/www.google.com\/maps\/embed?pb=!1m18!1m12!1m3!1d2439.0591948625315!2d13.236616511970484!3d52.31492835127586!2m3!1f0!2f0!3f0!3m2!1i1024!2i768!4f13.1!3m3!1m2!1s0x416538069f16c3d5%3A0xdf040982f40179c2!2sTrimmsalon%20%26%20Groomerschule%20Chalkidis%20%2F%20Hunde-%20und%20Katzenpflege%2C%20Katzenpension!5e0!3m2!1sde!2sde!4v1733157029418!5m2!1sde!2sde\" width=\"600\" height=\"450\" style=\"border:0;\" allowfullscreen=\"\" loading=\"lazy\" referrerpolicy=\"no-referrer-when-downgrade\"><\/iframe>","protected":false},"excerpt":{"rendered":"<p>\u00a0 \u00a0 seit 1995 zertifizierte Aesculap Groomerschule Diplom Nash Academy of Animal Art, USA\u00a0 Professionelle Hunde- und Katzenpflege, alle Rassen Zahnsteinentfernung und Maulhygiene mit Ultraschall Individuelle Therapie bei Haut- und Haarproblemen Verkauf von Hunde- und Katzenaccessoires Katzenpension und Kleintierpension,\u00a0www.katzenpension-chalkidis.de Groomerschule, &hellip; <a href=\"https:\/\/www.trimmsalon-chalkidis.de\/?page_id=1111\">Weiterlesen <span class=\"meta-nav\">&rarr;<\/span><\/a><\/p>\n","protected":false},"author":2,"featured_media":0,"parent":0,"menu_order":0,"comment_status":"closed","ping_status":"closed","template":"","meta":{"footnotes":""},"class_list":["post-1111","page","type-page","status-publish","hentry"],"_links":{"self":[{"href":"https:\/\/www.trimmsalon-chalkidis.de\/index.php?rest_route=\/wp\/v2\/pages\/1111","targetHints":{"allow":["GET"]}}],"collection":[{"href":"https:\/\/www.trimmsalon-chalkidis.de\/index.php?rest_route=\/wp\/v2\/pages"}],"about":[{"href":"https:\/\/www.trimmsalon-chalkidis.de\/index.php?rest_route=\/wp\/v2\/types\/page"}],"author":[{"embeddable":true,"href":"https:\/\/www.trimmsalon-chalkidis.de\/index.php?rest_route=\/wp\/v2\/users\/2"}],"replies":[{"embeddable":true,"href":"https:\/\/www.trimmsalon-chalkidis.de\/index.php?rest_route=%2Fwp%2Fv2%2Fcomments&post=1111"}],"version-history":[{"count":5,"href":"https:\/\/www.trimmsalon-chalkidis.de\/index.php?rest_route=\/wp\/v2\/pages\/1111\/revisions"}],"predecessor-version":[{"id":3581,"href":"https:\/\/www.trimmsalon-chalkidis.de\/index.php?rest_route=\/wp\/v2\/pages\/1111\/revisions\/3581"}],"wp:attachment":[{"href":"https:\/\/www.trimmsalon-chalkidis.de\/index.php?rest_route=%2Fwp%2Fv2%2Fmedia&parent=1111"}],"curies":[{"name":"wp","href":"https:\/\/api.w.org\/{rel}","templated":true}]}}