{"id":103,"date":"2012-07-08T00:02:35","date_gmt":"2012-07-07T22:02:35","guid":{"rendered":"http:\/\/www.trimmsalon-chalkidis.de\/?page_id=103"},"modified":"2025-11-03T20:33:42","modified_gmt":"2025-11-03T18:33:42","slug":"katzenpension-und-kleintierpension","status":"publish","type":"page","link":"https:\/\/www.trimmsalon-chalkidis.de\/?page_id=103","title":{"rendered":"Katzenpension und Kleintierpension"},"content":{"rendered":"<p style=\"text-align: center;\"><strong><a href=\"http:\/\/www.katzenpension-chalkidis.de\" target=\"_blank\" rel=\"attachment noopener wp-att-215 noreferrer\"><img loading=\"lazy\" decoding=\"async\" class=\"aligncenter size-medium wp-image-215\" src=\"http:\/\/www.trimmsalon-chalkidis.de\/wp-content\/uploads\/2012\/07\/IMG_2055-300x224.jpg\" alt=\"Perserkatze Emma\" width=\"300\" height=\"224\" srcset=\"https:\/\/www.trimmsalon-chalkidis.de\/wp-content\/uploads\/2012\/07\/IMG_2055-300x224.jpg 300w, https:\/\/www.trimmsalon-chalkidis.de\/wp-content\/uploads\/2012\/07\/IMG_2055-1024x764.jpg 1024w, https:\/\/www.trimmsalon-chalkidis.de\/wp-content\/uploads\/2012\/07\/IMG_2055-401x300.jpg 401w\" sizes=\"auto, (max-width: 300px) 100vw, 300px\" \/><\/a><\/strong><\/p>\n\n\n<div class=\"wp-block-media-text alignwide is-stacked-on-mobile\"><figure class=\"wp-block-media-text__media\"><img loading=\"lazy\" decoding=\"async\" width=\"628\" height=\"1024\" src=\"https:\/\/www.trimmsalon-chalkidis.de\/wp-content\/uploads\/Katzen-628x1024.jpeg\" alt=\"\" class=\"wp-image-2289 size-full\" srcset=\"https:\/\/www.trimmsalon-chalkidis.de\/wp-content\/uploads\/Katzen-628x1024.jpeg 628w, https:\/\/www.trimmsalon-chalkidis.de\/wp-content\/uploads\/Katzen-184x300.jpeg 184w, https:\/\/www.trimmsalon-chalkidis.de\/wp-content\/uploads\/Katzen-768x1252.jpeg 768w, https:\/\/www.trimmsalon-chalkidis.de\/wp-content\/uploads\/Katzen-942x1536.jpeg 942w, https:\/\/www.trimmsalon-chalkidis.de\/wp-content\/uploads\/Katzen.jpeg 1227w\" sizes=\"auto, (max-width: 628px) 100vw, 628px\" \/><\/figure><div class=\"wp-block-media-text__content\">\n<p class=\"has-text-color has-background has-medium-font-size\" style=\"color:#f0f3f4;background-color:#f60408\">Unsere Katzenpension sowie Kleintierpension ist ge\u00f6ffnet. <\/p>\n<\/div><\/div>\n\n\n\n<p>Hallo liebe Interessenten, Kunden und Freunde,<\/p>\n\n\n\n<p>Unser Unternehmen Trimmsalon &amp; Groomerschule Chalkidis bietet neben der professionellen Hunde- und Katzenpflege auch eine&nbsp;<strong>Katzenpension und Kleintierpension<\/strong>&nbsp;an.<\/p>\n\n\n\n<p>Unsere Pension wurde komplett neu gestaltet und renoviert. Wir bieten Einzel- und Doppelzimmer f\u00fcr Katzen an.\u00a0<\/p>\n\n\n\n<p><strong>Jede Katze oder Katzenfamilie erh\u00e4lt ein eigenes Zimmer, kann andere sehen und h\u00f6ren aber nicht deren Territorium betreten. Desweiteren bieten wir ein separates Zimmer f\u00fcr Kleintiere mit eigenem K\u00e4fig<\/strong>\u00a0<strong>an<\/strong>.<\/p>\n\n\n\n<p><strong><a href=\"https:\/\/www.trimmsalon-chalkidis.de\/?page_id=2677(\u00f6ffnet in neuem Tab)\" target=\"_blank\" rel=\"noreferrer noopener\">Sie k\u00f6nnen sich online f\u00fcr die Pension anmelden<\/a><a rel=\"noreferrer noopener\" href=\"http:\/\/www.katzenpension-chalkidis.de\/anmeldung-zur-pension\/\" target=\"_blank\">.<\/a><\/strong><\/p>\n\n\n\n<p>&nbsp;Bei R\u00fcckfragen nehmen sie bitte Kontakt mit uns auf, wir stehen Ihnen gern mit Rat und Tat zur Seite.<\/p>\n\n\n\n<p>Bis dahin: liebe Gr\u00fc\u00dfe!<\/p>\n\n\n\n<p>Heike Chalkidis<br>Werrastra\u00dfe 13<br>14974 Ludwigsfelde<\/p>\n\n\n\n<p class=\"has-black-color has-blue-background-color has-text-color has-background has-link-color has-medium-font-size wp-elements-f9348e2adb71efeddfb4d0d1814885d1\"><strong>Telefon: 03378 802941<\/strong><\/p>\n\n\n\n<p class=\"has-black-color has-blue-background-color has-text-color has-background has-link-color has-medium-font-size wp-elements-90c270e40f7b93b23d681089102154cf\"><strong>Telefon: 03378 5196755     <\/strong><\/p>\n\n\n\n<p class=\"has-black-color has-blue-background-color has-text-color has-background has-link-color has-medium-font-size wp-elements-a80e3c1d757eec577f3ea3e301db33e0\"><strong>Handy: 0172 3990350&nbsp;                    &nbsp; &nbsp; &nbsp; <\/strong>&nbsp; &nbsp; &nbsp; &nbsp; &nbsp; &nbsp;<\/p>\n\n\n<p><iframe src=\"https:\/\/www.google.com\/maps\/embed?pb=!1m18!1m12!1m3!1d2439.0593740348554!2d13.2391968!3d52.314925099999996!2m3!1f0!2f0!3f0!3m2!1i1024!2i768!4f13.1!3m3!1m2!1s0x416538069f16c3d5%3A0xdf040982f40179c2!2sTrimmsalon%20%26%20Groomerschule%20Chalkidis%20%2F%20Hunde-%20und%20Katzenpflege%2C%20Katzenpension!5e0!3m2!1sde!2sde!4v1733155236657!5m2!1sde!2sde\" width=\"600\" height=\"450\" style=\"border:0;\" allowfullscreen=\"\" loading=\"lazy\" referrerpolicy=\"no-referrer-when-downgrade\"><\/iframe><\/p>","protected":false},"excerpt":{"rendered":"<p>Unsere Katzenpension sowie Kleintierpension ist ge\u00f6ffnet. Hallo liebe Interessenten, Kunden und Freunde, Unser Unternehmen Trimmsalon &amp; Groomerschule Chalkidis bietet neben der professionellen Hunde- und Katzenpflege auch eine&nbsp;Katzenpension und Kleintierpension&nbsp;an. Unsere Pension wurde komplett neu gestaltet und renoviert. Wir bieten Einzel- &hellip; <a href=\"https:\/\/www.trimmsalon-chalkidis.de\/?page_id=103\">Weiterlesen <span class=\"meta-nav\">&rarr;<\/span><\/a><\/p>\n","protected":false},"author":2,"featured_media":0,"parent":0,"menu_order":1,"comment_status":"closed","ping_status":"closed","template":"","meta":{"footnotes":""},"class_list":["post-103","page","type-page","status-publish","hentry"],"_links":{"self":[{"href":"https:\/\/www.trimmsalon-chalkidis.de\/index.php?rest_route=\/wp\/v2\/pages\/103","targetHints":{"allow":["GET"]}}],"collection":[{"href":"https:\/\/www.trimmsalon-chalkidis.de\/index.php?rest_route=\/wp\/v2\/pages"}],"about":[{"href":"https:\/\/www.trimmsalon-chalkidis.de\/index.php?rest_route=\/wp\/v2\/types\/page"}],"author":[{"embeddable":true,"href":"https:\/\/www.trimmsalon-chalkidis.de\/index.php?rest_route=\/wp\/v2\/users\/2"}],"replies":[{"embeddable":true,"href":"https:\/\/www.trimmsalon-chalkidis.de\/index.php?rest_route=%2Fwp%2Fv2%2Fcomments&post=103"}],"version-history":[{"count":4,"href":"https:\/\/www.trimmsalon-chalkidis.de\/index.php?rest_route=\/wp\/v2\/pages\/103\/revisions"}],"predecessor-version":[{"id":4192,"href":"https:\/\/www.trimmsalon-chalkidis.de\/index.php?rest_route=\/wp\/v2\/pages\/103\/revisions\/4192"}],"wp:attachment":[{"href":"https:\/\/www.trimmsalon-chalkidis.de\/index.php?rest_route=%2Fwp%2Fv2%2Fmedia&parent=103"}],"curies":[{"name":"wp","href":"https:\/\/api.w.org\/{rel}","templated":true}]}}